{"id":4202,"date":"2025-09-16T11:31:05","date_gmt":"2025-09-16T14:31:05","guid":{"rendered":"https:\/\/circoenxame.com\/?page_id=4202"},"modified":"2025-11-13T05:43:27","modified_gmt":"2025-11-13T08:43:27","slug":"area-sem-fio","status":"publish","type":"page","link":"https:\/\/circoenxame.com\/en\/area-sem-fio\/","title":{"rendered":"\u00c1rea Sem Fio"},"content":{"rendered":"<div data-elementor-type=\"wp-page\" data-elementor-id=\"4202\" class=\"elementor elementor-4202\">\n\t\t\t\t<div class=\"elementor-element elementor-element-aa24fff e-flex e-con-boxed e-con e-parent\" data-id=\"aa24fff\" data-element_type=\"container\" data-e-type=\"container\" id=\"sobrevoltas\">\n\t\t\t\t\t<div class=\"e-con-inner\">\n\t\t\t\t<div class=\"elementor-element elementor-element-6f3c463 elementor-widget elementor-widget-image\" data-id=\"6f3c463\" data-element_type=\"widget\" data-e-type=\"widget\" data-widget_type=\"image.default\">\n\t\t\t\t<div class=\"elementor-widget-container\">\n\t\t\t\t\t\t\t\t\t\t\t\t\t\t\t<img decoding=\"async\" width=\"42\" height=\"70\" src=\"https:\/\/circoenxame.com\/wp-content\/uploads\/2024\/07\/detalhes06.png\" class=\"attachment-full size-full wp-image-3679\" alt=\"\" \/>\t\t\t\t\t\t\t\t\t\t\t\t\t\t\t<\/div>\n\t\t\t\t<\/div>\n\t\t\t\t\t<\/div>\n\t\t\t\t<\/div>\n\t\t<div class=\"elementor-element elementor-element-e576197 e-con-full e-flex e-con e-parent\" data-id=\"e576197\" data-element_type=\"container\" data-e-type=\"container\">\n\t\t<div class=\"elementor-element elementor-element-bc41e52 e-con-full e-flex e-con e-child\" data-id=\"bc41e52\" data-element_type=\"container\" data-e-type=\"container\">\n\t\t\t\t<div class=\"elementor-element elementor-element-7399b01 elementor-widget elementor-widget-image\" data-id=\"7399b01\" data-element_type=\"widget\" data-e-type=\"widget\" data-widget_type=\"image.default\">\n\t\t\t\t<div class=\"elementor-widget-container\">\n\t\t\t\t\t\t\t\t\t\t\t\t\t\t\t<img fetchpriority=\"high\" decoding=\"async\" width=\"500\" height=\"119\" src=\"https:\/\/circoenxame.com\/wp-content\/uploads\/2025\/09\/logo-asf01.png\" class=\"attachment-full size-full wp-image-4285\" alt=\"\" srcset=\"https:\/\/circoenxame.com\/wp-content\/uploads\/2025\/09\/logo-asf01.png.webp 500w, https:\/\/circoenxame.com\/wp-content\/uploads\/2025\/09\/logo-asf01-300x71.png 300w\" sizes=\"(max-width: 500px) 100vw, 500px\" \/>\t\t\t\t\t\t\t\t\t\t\t\t\t\t\t<\/div>\n\t\t\t\t<\/div>\n\t\t\t\t<\/div>\n\t\t\t\t<\/div>\n\t\t<div class=\"elementor-element elementor-element-ccc98b2 e-flex e-con-boxed e-con e-parent\" data-id=\"ccc98b2\" data-element_type=\"container\" data-e-type=\"container\">\n\t\t\t\t\t<div class=\"e-con-inner\">\n\t\t\t\t<div class=\"elementor-element elementor-element-9273979 elementor-widget-divider--view-line_text elementor-widget-divider--separator-type-pattern elementor-widget-divider--element-align-center elementor-widget elementor-widget-divider\" data-id=\"9273979\" data-element_type=\"widget\" data-e-type=\"widget\" data-widget_type=\"divider.default\">\n\t\t\t\t<div class=\"elementor-widget-container\">\n\t\t\t\t\t\t\t<div class=\"elementor-divider\" style=\"--divider-pattern-url: url(&quot;data:image\/svg+xml,%3Csvg xmlns=&#039;http:\/\/www.w3.org\/2000\/svg&#039; preserveAspectRatio=&#039;none&#039; overflow=&#039;visible&#039; height=&#039;100%&#039; viewBox=&#039;0 0 20 16&#039; fill=&#039;none&#039; stroke=&#039;black&#039; stroke-width=&#039;1&#039; stroke-linecap=&#039;square&#039; stroke-miterlimit=&#039;10&#039;%3E%3Cg transform=&#039;translate(-12.000000, 0)&#039;%3E%3Cpath d=&#039;M28,0L10,18&#039;\/%3E%3Cpath d=&#039;M18,0L0,18&#039;\/%3E%3Cpath d=&#039;M48,0L30,18&#039;\/%3E%3Cpath d=&#039;M38,0L20,18&#039;\/%3E%3C\/g%3E%3C\/svg%3E&quot;);\">\n\t\t\t<span class=\"elementor-divider-separator\">\n\t\t\t\t\t\t\t<span class=\"elementor-divider__text elementor-divider__element\">\n\t\t\t\tSHOW | WORK IN PROGRESS\t\t\t\t<\/span>\n\t\t\t\t\t\t<\/span>\n\t\t<\/div>\n\t\t\t\t\t\t<\/div>\n\t\t\t\t<\/div>\n\t\t\t\t\t<\/div>\n\t\t\t\t<\/div>\n\t\t<div class=\"elementor-element elementor-element-5aba4ce e-con-full e-flex e-con e-parent\" data-id=\"5aba4ce\" data-element_type=\"container\" data-e-type=\"container\">\n\t\t\t\t<div class=\"elementor-element elementor-element-a20f4a6 elementor-widget-mobile__width-initial elementor-widget-tablet__width-inherit elementor-widget elementor-widget-text-editor\" data-id=\"a20f4a6\" data-element_type=\"widget\" data-e-type=\"widget\" data-widget_type=\"text-editor.default\">\n\t\t\t\t<div class=\"elementor-widget-container\">\n\t\t\t\t\t\t\t\t\t<p><strong>2 ARTISTS<\/strong><\/p><p><strong>45 MINUTES (CURRENT)<\/strong><\/p><p class=\"translation-block\"><strong>GENERAL AUDIENCE<\/strong><\/p><p><strong>VENUE \/ BIG TOP<\/strong><\/p>\t\t\t\t\t\t\t\t<\/div>\n\t\t\t\t<\/div>\n\t\t\t\t<\/div>\n\t\t<div class=\"elementor-element elementor-element-9b57dc2 e-con-full e-flex e-con e-parent\" data-id=\"9b57dc2\" data-element_type=\"container\" data-e-type=\"container\">\n\t\t\t\t<div class=\"elementor-element elementor-element-9dadc28 elementor-widget__width-initial elementor-widget elementor-widget-heading\" data-id=\"9dadc28\" data-element_type=\"widget\" data-e-type=\"widget\" data-widget_type=\"heading.default\">\n\t\t\t\t<div class=\"elementor-widget-container\">\n\t\t\t\t\t<h2 class=\"elementor-heading-title elementor-size-default\">We live hyper-connected, but are we truly present?<\/h2>\t\t\t\t<\/div>\n\t\t\t\t<\/div>\n\t\t\t\t<\/div>\n\t\t<div class=\"elementor-element elementor-element-c88f83b e-con-full e-flex e-con e-parent\" data-id=\"c88f83b\" data-element_type=\"container\" data-e-type=\"container\" data-settings=\"{&quot;background_background&quot;:&quot;classic&quot;}\">\n\t\t<div class=\"elementor-element elementor-element-101c9e8 e-con-full e-flex e-con e-child\" data-id=\"101c9e8\" data-element_type=\"container\" data-e-type=\"container\">\n\t\t\t\t<div class=\"elementor-element elementor-element-1af0638 elementor-widget elementor-widget-video\" data-id=\"1af0638\" data-element_type=\"widget\" data-e-type=\"widget\" data-settings=\"{&quot;video_type&quot;:&quot;hosted&quot;,&quot;autoplay&quot;:&quot;yes&quot;,&quot;play_on_mobile&quot;:&quot;yes&quot;,&quot;mute&quot;:&quot;yes&quot;,&quot;loop&quot;:&quot;yes&quot;}\" data-widget_type=\"video.default\">\n\t\t\t\t<div class=\"elementor-widget-container\">\n\t\t\t\t\t\t\t<div class=\"e-hosted-video elementor-wrapper elementor-open-inline\">\n\t\t\t\t\t<video class=\"elementor-video\" src=\"https:\/\/circoenxame.com\/wp-content\/uploads\/2025\/09\/video-final-ASF-preto-compress.mp4\" autoplay=\"\" loop=\"\" muted=\"muted\" playsinline=\"\" controlslist=\"nodownload\" poster=\"https:\/\/circoenxame.com\/wp-content\/uploads\/2025\/09\/video-capa-asf.png\"><\/video>\n\t\t\t\t<\/div>\n\t\t\t\t\t\t<\/div>\n\t\t\t\t<\/div>\n\t\t\t\t<\/div>\n\t\t<div class=\"elementor-element elementor-element-436616d e-con-full e-flex e-con e-child\" data-id=\"436616d\" data-element_type=\"container\" data-e-type=\"container\">\n\t\t\t\t<div class=\"elementor-element elementor-element-0a1d2f0 elementor-widget elementor-widget-text-editor\" data-id=\"0a1d2f0\" data-element_type=\"widget\" data-e-type=\"widget\" data-widget_type=\"text-editor.default\">\n\t\t\t\t<div class=\"elementor-widget-container\">\n\t\t\t\t\t\t\t\t\t<p align=\"justify\"><span style=\"color: #ff9900;\"><strong>Beginning of Creation:<\/strong><\/span> 2024<\/p><p align=\"justify\">A contemporary circus performance that transforms this restlessness into movement, exploring the tensions between digital exhaustion, fragmented attention, and the desire for real connection.<\/p><p align=\"justify\">A trapeze performer and a stage technician equipped with simple technologies awaken doubts about the nature of their relationship, yet together they offer the audience scenic images that evoke sensations experienced by humans captive to the virtual world.<\/p>\t\t\t\t\t\t\t\t<\/div>\n\t\t\t\t<\/div>\n\t\t\t\t<div class=\"elementor-element elementor-element-91cded6 elementor-widget elementor-widget-heading\" data-id=\"91cded6\" data-element_type=\"widget\" data-e-type=\"widget\" data-widget_type=\"heading.default\">\n\t\t\t\t<div class=\"elementor-widget-container\">\n\t\t\t\t\t<h2 class=\"elementor-heading-title elementor-size-default\">\u00c1rea Sem Fio<\/h2>\t\t\t\t<\/div>\n\t\t\t\t<\/div>\n\t\t\t\t<\/div>\n\t\t\t\t<\/div>\n\t\t<div class=\"elementor-element elementor-element-4e25e9d e-flex e-con-boxed e-con e-parent\" data-id=\"4e25e9d\" data-element_type=\"container\" data-e-type=\"container\">\n\t\t\t\t\t<div class=\"e-con-inner\">\n\t\t<div class=\"elementor-element elementor-element-9b0425c e-con-full e-flex e-con e-child\" data-id=\"9b0425c\" data-element_type=\"container\" data-e-type=\"container\">\n\t\t\t\t<div class=\"elementor-element elementor-element-f8b796a elementor-widget elementor-widget-heading\" data-id=\"f8b796a\" data-element_type=\"widget\" data-e-type=\"widget\" data-widget_type=\"heading.default\">\n\t\t\t\t<div class=\"elementor-widget-container\">\n\t\t\t\t\t<h2 class=\"elementor-heading-title elementor-size-default\">CALLS &amp; SUPPORT<\/h2>\t\t\t\t<\/div>\n\t\t\t\t<\/div>\n\t\t\t\t<div class=\"elementor-element elementor-element-f13c072 elementor-widget elementor-widget-text-editor\" data-id=\"f13c072\" data-element_type=\"widget\" data-e-type=\"widget\" data-widget_type=\"text-editor.default\">\n\t\t\t\t<div class=\"elementor-widget-container\">\n\t\t\t\t\t\t\t\t\t<p class=\"translation-block\"><span style=\"color: #ff9900\"><strong>2025 <\/strong><\/span><span style=\"color: #ff9900\"><strong>|<\/strong><\/span> <span style=\"color: #33cccc\"><strong>Circo all\u2019inCirca<\/strong><\/span> \u2013 <strong>Residency<\/strong> \u2013 Udine (Italy)<\/p><p class=\"translation-block\"><span style=\"color: #ff9900\"><strong>2025 <\/strong><\/span><span style=\"color: #ff9900\"><strong>|<\/strong><\/span> <span style=\"color: #33cccc\"><strong>UP EX-P\u00c9RIMENTATIONS<\/strong><\/span> \u2013 <strong>Residency<\/strong> \u2013 Brussels (Belgium)<\/p><p class=\"translation-block\"><span style=\"color: #ff9900\"><strong>2025 |<\/strong><\/span> <span style=\"color: #33cccc\"><strong>Slip OUT<\/strong><\/span> \u2013 <strong>Residency<\/strong> \u2013 Turin (Italy)<\/p><p class=\"translation-block\"><span style=\"color: #ff9900\"><strong>2024<\/strong><\/span><span style=\"color: #ff9900\"><strong> | <\/strong><\/span><span style=\"color: #33cccc\"><strong>PROAC Call 09\/2023<\/strong><\/span> \u2013 S\u00e3o Paulo (Brazil)<\/p>\t\t\t\t\t\t\t\t<\/div>\n\t\t\t\t<\/div>\n\t\t\t\t<\/div>\n\t\t\t\t\t<\/div>\n\t\t\t\t<\/div>\n\t\t<div class=\"elementor-element elementor-element-f711a4d e-flex e-con-boxed e-con e-parent\" data-id=\"f711a4d\" data-element_type=\"container\" data-e-type=\"container\" data-settings=\"{&quot;background_background&quot;:&quot;classic&quot;}\">\n\t\t\t\t\t<div class=\"e-con-inner\">\n\t\t<div class=\"elementor-element elementor-element-e4ce188 e-con-full e-flex e-con e-child\" data-id=\"e4ce188\" data-element_type=\"container\" data-e-type=\"container\">\n\t\t\t\t<div class=\"elementor-element elementor-element-cea3c75 elementor-arrows-position-inside elementor-widget elementor-widget-image-carousel\" data-id=\"cea3c75\" data-element_type=\"widget\" data-e-type=\"widget\" data-settings=\"{&quot;slides_to_show&quot;:&quot;1&quot;,&quot;navigation&quot;:&quot;arrows&quot;,&quot;autoplay&quot;:&quot;yes&quot;,&quot;pause_on_hover&quot;:&quot;yes&quot;,&quot;pause_on_interaction&quot;:&quot;yes&quot;,&quot;autoplay_speed&quot;:5000,&quot;infinite&quot;:&quot;yes&quot;,&quot;effect&quot;:&quot;slide&quot;,&quot;speed&quot;:500}\" data-widget_type=\"image-carousel.default\">\n\t\t\t\t<div class=\"elementor-widget-container\">\n\t\t\t\t\t\t\t<div class=\"elementor-image-carousel-wrapper swiper\" role=\"region\" aria-roledescription=\"carousel\" aria-label=\"Carrossel de imagens\" dir=\"ltr\">\n\t\t\t<div class=\"elementor-image-carousel swiper-wrapper swiper-image-stretch\" aria-live=\"off\">\n\t\t\t\t\t\t\t\t<div class=\"swiper-slide\" role=\"group\" aria-roledescription=\"slide\" aria-label=\"1 de 5\"><figure class=\"swiper-slide-inner\"><img decoding=\"async\" class=\"swiper-slide-image\" src=\"https:\/\/circoenxame.com\/wp-content\/uploads\/2025\/09\/asf02.png\" alt=\"asf02\" \/><\/figure><\/div><div class=\"swiper-slide\" role=\"group\" aria-roledescription=\"slide\" aria-label=\"2 de 5\"><figure class=\"swiper-slide-inner\"><img decoding=\"async\" class=\"swiper-slide-image\" src=\"https:\/\/circoenxame.com\/wp-content\/uploads\/2025\/09\/asf03.png\" alt=\"asf03\" \/><\/figure><\/div><div class=\"swiper-slide\" role=\"group\" aria-roledescription=\"slide\" aria-label=\"3 de 5\"><figure class=\"swiper-slide-inner\"><img decoding=\"async\" class=\"swiper-slide-image\" src=\"https:\/\/circoenxame.com\/wp-content\/uploads\/2025\/09\/asf06.png\" alt=\"asf06\" \/><\/figure><\/div><div class=\"swiper-slide\" role=\"group\" aria-roledescription=\"slide\" aria-label=\"4 de 5\"><figure class=\"swiper-slide-inner\"><img decoding=\"async\" class=\"swiper-slide-image\" src=\"https:\/\/circoenxame.com\/wp-content\/uploads\/2025\/09\/asf04.png\" alt=\"asf04\" \/><\/figure><\/div><div class=\"swiper-slide\" role=\"group\" aria-roledescription=\"slide\" aria-label=\"5 de 5\"><figure class=\"swiper-slide-inner\"><img decoding=\"async\" class=\"swiper-slide-image\" src=\"https:\/\/circoenxame.com\/wp-content\/uploads\/2025\/09\/asf05.png\" alt=\"asf05\" \/><\/figure><\/div>\t\t\t<\/div>\n\t\t\t\t\t\t\t\t\t\t\t\t<div class=\"elementor-swiper-button elementor-swiper-button-prev\" role=\"button\" tabindex=\"0\">\n\t\t\t\t\t\t<svg aria-hidden=\"true\" class=\"e-font-icon-svg e-eicon-chevron-left\" viewbox=\"0 0 1000 1000\" xmlns=\"http:\/\/www.w3.org\/2000\/svg\"><path d=\"M646 125C629 125 613 133 604 142L308 442C296 454 292 471 292 487 292 504 296 521 308 533L604 854C617 867 629 875 646 875 663 875 679 871 692 858 704 846 713 829 713 812 713 796 708 779 692 767L438 487 692 225C700 217 708 204 708 187 708 171 704 154 692 142 675 129 663 125 646 125Z\"><\/path><\/svg>\t\t\t\t\t<\/div>\n\t\t\t\t\t<div class=\"elementor-swiper-button elementor-swiper-button-next\" role=\"button\" tabindex=\"0\">\n\t\t\t\t\t\t<svg aria-hidden=\"true\" class=\"e-font-icon-svg e-eicon-chevron-right\" viewbox=\"0 0 1000 1000\" xmlns=\"http:\/\/www.w3.org\/2000\/svg\"><path d=\"M696 533C708 521 713 504 713 487 713 471 708 454 696 446L400 146C388 133 375 125 354 125 338 125 325 129 313 142 300 154 292 171 292 187 292 204 296 221 308 233L563 492 304 771C292 783 288 800 288 817 288 833 296 850 308 863 321 871 338 875 354 875 371 875 388 867 400 854L696 533Z\"><\/path><\/svg>\t\t\t\t\t<\/div>\n\t\t\t\t\n\t\t\t\t\t\t\t\t\t<\/div>\n\t\t\t\t\t\t<\/div>\n\t\t\t\t<\/div>\n\t\t\t\t<\/div>\n\t\t<div class=\"elementor-element elementor-element-8ca2cbf e-con-full e-flex e-con e-child\" data-id=\"8ca2cbf\" data-element_type=\"container\" data-e-type=\"container\">\n\t\t\t\t<div class=\"elementor-element elementor-element-c4850b2 elementor-widget elementor-widget-heading\" data-id=\"c4850b2\" data-element_type=\"widget\" data-e-type=\"widget\" data-widget_type=\"heading.default\">\n\t\t\t\t<div class=\"elementor-widget-container\">\n\t\t\t\t\t<h2 class=\"elementor-heading-title elementor-size-default\">TECHNICAL SHEET<\/h2>\t\t\t\t<\/div>\n\t\t\t\t<\/div>\n\t\t\t\t<div class=\"elementor-element elementor-element-37f6fb5 elementor-widget elementor-widget-text-editor\" data-id=\"37f6fb5\" data-element_type=\"widget\" data-e-type=\"widget\" data-widget_type=\"text-editor.default\">\n\t\t\t\t<div class=\"elementor-widget-container\">\n\t\t\t\t\t\t\t\t\t<p class=\"translation-block\"><span style=\"color: #ff9900\"><b>Creation and Conception<\/b><\/span> Veronica Piccini and Vin\u00edcios Debs\u00a0\n<span style=\"color: #ff9900\"><b>Cast<\/b><\/span> Veronica Piccini and Vin\u00edcios Debs\u00a0\n<span style=\"color: #ff9900\"><b>Dramaturgical Collaboration<\/b><\/span> Maria Carolina de Oliveira\u00a0\n<b><span style=\"color: #ff9900\">Musical Composition \/ Graphic Design \/ Text<\/span><\/b> Vin\u00edcios Debs \u2013 <em>Parabolia<\/em>\u00a0\u00a0\n<span style=\"color: #ff9900\"><b>Costume and Stage Props<\/b><\/span> Veronica Piccini<\/p>\t\t\t\t\t\t\t\t<\/div>\n\t\t\t\t<\/div>\n\t\t\t\t<\/div>\n\t\t\t\t\t<\/div>\n\t\t\t\t<\/div>\n\t\t<div class=\"elementor-element elementor-element-1f7c187 e-flex e-con-boxed e-con e-parent\" data-id=\"1f7c187\" data-element_type=\"container\" data-e-type=\"container\">\n\t\t\t\t\t<div class=\"e-con-inner\">\n\t\t\t\t<div class=\"elementor-element elementor-element-ab61dac elementor-widget elementor-widget-spacer\" data-id=\"ab61dac\" data-element_type=\"widget\" data-e-type=\"widget\" data-widget_type=\"spacer.default\">\n\t\t\t\t<div class=\"elementor-widget-container\">\n\t\t\t\t\t\t\t<div class=\"elementor-spacer\">\n\t\t\t<div class=\"elementor-spacer-inner\"><\/div>\n\t\t<\/div>\n\t\t\t\t\t\t<\/div>\n\t\t\t\t<\/div>\n\t\t\t\t\t<\/div>\n\t\t\t\t<\/div>\n\t\t\t\t<\/div>","protected":false},"excerpt":{"rendered":"<p>ESPET\u00c1CULO | WORK IN PROGRESS 2 ARTISTAS 45 MINUTOS (ATUAL) CLASSIFICA\u00c7\u00c3O LIVRE SALA \/ LONA Vivemos hiper conectados, mas estamos verdadeiramente presentes? https:\/\/circoenxame.com\/wp-content\/uploads\/2025\/09\/video-final-ASF-preto-compress.mp4 In\u00edcio da cria\u00e7\u00e3o: 2024 Um espet\u00e1culo de circo contempor\u00e2neo que transforma essa inquieta\u00e7\u00e3o em movimento, explorando as tens\u00f5es entre a exausta\u00e7\u00e3o digital, a fragmenta\u00e7\u00e3o da aten\u00e7\u00e3o e o desejo por conex\u00e3o real. [&hellip;]<\/p>\n","protected":false},"author":2,"featured_media":0,"parent":0,"menu_order":0,"comment_status":"closed","ping_status":"closed","template":"elementor_canvas","meta":{"footnotes":""},"class_list":["post-4202","page","type-page","status-publish","hentry"],"_links":{"self":[{"href":"https:\/\/circoenxame.com\/en\/wp-json\/wp\/v2\/pages\/4202","targetHints":{"allow":["GET"]}}],"collection":[{"href":"https:\/\/circoenxame.com\/en\/wp-json\/wp\/v2\/pages"}],"about":[{"href":"https:\/\/circoenxame.com\/en\/wp-json\/wp\/v2\/types\/page"}],"author":[{"embeddable":true,"href":"https:\/\/circoenxame.com\/en\/wp-json\/wp\/v2\/users\/2"}],"replies":[{"embeddable":true,"href":"https:\/\/circoenxame.com\/en\/wp-json\/wp\/v2\/comments?post=4202"}],"version-history":[{"count":91,"href":"https:\/\/circoenxame.com\/en\/wp-json\/wp\/v2\/pages\/4202\/revisions"}],"predecessor-version":[{"id":4611,"href":"https:\/\/circoenxame.com\/en\/wp-json\/wp\/v2\/pages\/4202\/revisions\/4611"}],"wp:attachment":[{"href":"https:\/\/circoenxame.com\/en\/wp-json\/wp\/v2\/media?parent=4202"}],"curies":[{"name":"wp","href":"https:\/\/api.w.org\/{rel}","templated":true}]}}