{"id":4203,"date":"2025-09-16T11:31:28","date_gmt":"2025-09-16T14:31:28","guid":{"rendered":"https:\/\/circoenxame.com\/?page_id=4203"},"modified":"2025-10-02T10:14:51","modified_gmt":"2025-10-02T13:14:51","slug":"urubu","status":"publish","type":"page","link":"https:\/\/circoenxame.com\/en\/urubu\/","title":{"rendered":"Urubu"},"content":{"rendered":"<div data-elementor-type=\"wp-page\" data-elementor-id=\"4203\" class=\"elementor elementor-4203\">\n\t\t\t\t<div class=\"elementor-element elementor-element-3b4d609 e-flex e-con-boxed e-con e-parent\" data-id=\"3b4d609\" data-element_type=\"container\" data-e-type=\"container\" id=\"urubu\">\n\t\t\t\t\t<div class=\"e-con-inner\">\n\t\t\t\t<div class=\"elementor-element elementor-element-25c08b5 elementor-widget elementor-widget-image\" data-id=\"25c08b5\" data-element_type=\"widget\" data-e-type=\"widget\" data-widget_type=\"image.default\">\n\t\t\t\t<div class=\"elementor-widget-container\">\n\t\t\t\t\t\t\t\t\t\t\t\t\t\t\t<img decoding=\"async\" width=\"42\" height=\"70\" src=\"https:\/\/circoenxame.com\/wp-content\/uploads\/2024\/07\/detalhes06.png\" class=\"attachment-full size-full wp-image-3679\" alt=\"\" \/>\t\t\t\t\t\t\t\t\t\t\t\t\t\t\t<\/div>\n\t\t\t\t<\/div>\n\t\t\t\t\t<\/div>\n\t\t\t\t<\/div>\n\t\t<div class=\"elementor-element elementor-element-19d2bd2 e-con-full e-flex e-con e-parent\" data-id=\"19d2bd2\" data-element_type=\"container\" data-e-type=\"container\">\n\t\t<div class=\"elementor-element elementor-element-4dfd7f7 e-con-full e-flex e-con e-child\" data-id=\"4dfd7f7\" data-element_type=\"container\" data-e-type=\"container\">\n\t\t\t\t<div class=\"elementor-element elementor-element-c749212 elementor-widget elementor-widget-image\" data-id=\"c749212\" data-element_type=\"widget\" data-e-type=\"widget\" data-widget_type=\"image.default\">\n\t\t\t\t<div class=\"elementor-widget-container\">\n\t\t\t\t\t\t\t\t\t\t\t\t\t\t\t<img fetchpriority=\"high\" decoding=\"async\" width=\"500\" height=\"140\" src=\"https:\/\/circoenxame.com\/wp-content\/uploads\/2024\/07\/logo-urubu.png\" class=\"attachment-full size-full wp-image-3358\" alt=\"\" srcset=\"https:\/\/circoenxame.com\/wp-content\/uploads\/2024\/07\/logo-urubu.png 500w, https:\/\/circoenxame.com\/wp-content\/uploads\/2024\/07\/logo-urubu-300x84.png 300w\" sizes=\"(max-width: 500px) 100vw, 500px\" \/>\t\t\t\t\t\t\t\t\t\t\t\t\t\t\t<\/div>\n\t\t\t\t<\/div>\n\t\t\t\t<\/div>\n\t\t\t\t<\/div>\n\t\t<div class=\"elementor-element elementor-element-747dabd e-flex e-con-boxed e-con e-parent\" data-id=\"747dabd\" data-element_type=\"container\" data-e-type=\"container\">\n\t\t\t\t\t<div class=\"e-con-inner\">\n\t\t\t\t<div class=\"elementor-element elementor-element-ee75e5b elementor-widget-divider--view-line_text elementor-widget-divider--separator-type-pattern elementor-widget-divider--element-align-center elementor-widget elementor-widget-divider\" data-id=\"ee75e5b\" data-element_type=\"widget\" data-e-type=\"widget\" data-widget_type=\"divider.default\">\n\t\t\t\t<div class=\"elementor-widget-container\">\n\t\t\t\t\t\t\t<div class=\"elementor-divider\" style=\"--divider-pattern-url: url(&quot;data:image\/svg+xml,%3Csvg xmlns=&#039;http:\/\/www.w3.org\/2000\/svg&#039; preserveAspectRatio=&#039;none&#039; overflow=&#039;visible&#039; height=&#039;100%&#039; viewBox=&#039;0 0 20 16&#039; fill=&#039;none&#039; stroke=&#039;black&#039; stroke-width=&#039;1&#039; stroke-linecap=&#039;square&#039; stroke-miterlimit=&#039;10&#039;%3E%3Cg transform=&#039;translate(-12.000000, 0)&#039;%3E%3Cpath d=&#039;M28,0L10,18&#039;\/%3E%3Cpath d=&#039;M18,0L0,18&#039;\/%3E%3Cpath d=&#039;M48,0L30,18&#039;\/%3E%3Cpath d=&#039;M38,0L20,18&#039;\/%3E%3C\/g%3E%3C\/svg%3E&quot;);\">\n\t\t\t<span class=\"elementor-divider-separator\">\n\t\t\t\t\t\t\t<span class=\"elementor-divider__text elementor-divider__element\">\n\t\t\t\tVIDEOCIRCUS\t\t\t\t<\/span>\n\t\t\t\t\t\t<\/span>\n\t\t<\/div>\n\t\t\t\t\t\t<\/div>\n\t\t\t\t<\/div>\n\t\t\t\t\t<\/div>\n\t\t\t\t<\/div>\n\t\t<div class=\"elementor-element elementor-element-088fd2b e-con-full e-flex e-con e-parent\" data-id=\"088fd2b\" data-element_type=\"container\" data-e-type=\"container\">\n\t\t\t\t<div class=\"elementor-element elementor-element-7903c4b elementor-widget-mobile__width-initial elementor-widget elementor-widget-text-editor\" data-id=\"7903c4b\" data-element_type=\"widget\" data-e-type=\"widget\" data-widget_type=\"text-editor.default\">\n\t\t\t\t<div class=\"elementor-widget-container\">\n\t\t\t\t\t\t\t\t\t<p><strong>5 ARTISTS<\/strong><\/p><p><strong>36 MINUTES<\/strong><\/p><p class=\"translation-block\"><strong>GENERAL AUDIENCE<\/strong><\/p><p><strong>AUDIOVISUAL<\/strong><\/p>\t\t\t\t\t\t\t\t<\/div>\n\t\t\t\t<\/div>\n\t\t\t\t<\/div>\n\t\t<div class=\"elementor-element elementor-element-308804a e-con-full e-flex e-con e-parent\" data-id=\"308804a\" data-element_type=\"container\" data-e-type=\"container\" data-settings=\"{&quot;background_background&quot;:&quot;classic&quot;}\">\n\t\t<div class=\"elementor-element elementor-element-2b7f63f e-con-full e-flex e-con e-child\" data-id=\"2b7f63f\" data-element_type=\"container\" data-e-type=\"container\">\n\t\t\t\t<div class=\"elementor-element elementor-element-632b669 elementor-widget elementor-widget-video\" data-id=\"632b669\" data-element_type=\"widget\" data-e-type=\"widget\" data-settings=\"{&quot;youtube_url&quot;:&quot;https:\\\/\\\/youtu.be\\\/X-VKAoYhr20?si=Ccelj_fYf6MxyD8L&quot;,&quot;loop&quot;:&quot;yes&quot;,&quot;video_type&quot;:&quot;youtube&quot;}\" data-widget_type=\"video.default\">\n\t\t\t\t<div class=\"elementor-widget-container\">\n\t\t\t\t\t\t\t<div class=\"elementor-wrapper elementor-open-inline\">\n\t\t\t<div class=\"elementor-video\"><\/div>\t\t<\/div>\n\t\t\t\t\t\t<\/div>\n\t\t\t\t<\/div>\n\t\t\t\t<\/div>\n\t\t<div class=\"elementor-element elementor-element-5acc3da e-con-full e-flex e-con e-child\" data-id=\"5acc3da\" data-element_type=\"container\" data-e-type=\"container\">\n\t\t\t\t<div class=\"elementor-element elementor-element-0710e6a elementor-widget elementor-widget-text-editor\" data-id=\"0710e6a\" data-element_type=\"widget\" data-e-type=\"widget\" data-widget_type=\"text-editor.default\">\n\t\t\t\t<div class=\"elementor-widget-container\">\n\t\t\t\t\t\t\t\t\t<p><span style=\"color: #ff9900;\"><strong>Beginning of Creation:<\/strong><\/span> 2020<\/p><p style=\"text-align: left;\">The vulture lies in wait.<\/p><p style=\"text-align: left;\">Transformation is inevitable; impermanence is a given rule.<\/p><p style=\"text-align: left;\">Circus and nature in an audiovisual work about perceptions of the life-death-life cycle.<\/p>\t\t\t\t\t\t\t\t<\/div>\n\t\t\t\t<\/div>\n\t\t\t\t<div class=\"elementor-element elementor-element-a6ce405 elementor-widget elementor-widget-image\" data-id=\"a6ce405\" data-element_type=\"widget\" data-e-type=\"widget\" data-widget_type=\"image.default\">\n\t\t\t\t<div class=\"elementor-widget-container\">\n\t\t\t\t\t\t\t\t\t\t\t\t\t\t\t<img decoding=\"async\" width=\"232\" height=\"150\" src=\"https:\/\/circoenxame.com\/wp-content\/uploads\/2024\/07\/coroa-urubu02.png\" class=\"attachment-full size-full wp-image-3776\" alt=\"\" \/>\t\t\t\t\t\t\t\t\t\t\t\t\t\t\t<\/div>\n\t\t\t\t<\/div>\n\t\t\t\t<div class=\"elementor-element elementor-element-968dfd6 elementor-widget elementor-widget-heading\" data-id=\"968dfd6\" data-element_type=\"widget\" data-e-type=\"widget\" data-widget_type=\"heading.default\">\n\t\t\t\t<div class=\"elementor-widget-container\">\n\t\t\t\t\t<h2 class=\"elementor-heading-title elementor-size-default\">Urubu<\/h2>\t\t\t\t<\/div>\n\t\t\t\t<\/div>\n\t\t\t\t<\/div>\n\t\t\t\t<\/div>\n\t\t<div class=\"elementor-element elementor-element-a2a06a5 e-flex e-con-boxed e-con e-parent\" data-id=\"a2a06a5\" data-element_type=\"container\" data-e-type=\"container\">\n\t\t\t\t\t<div class=\"e-con-inner\">\n\t\t<div class=\"elementor-element elementor-element-453c97a e-con-full e-flex e-con e-child\" data-id=\"453c97a\" data-element_type=\"container\" data-e-type=\"container\">\n\t\t\t\t<div class=\"elementor-element elementor-element-9c1e14f elementor-widget elementor-widget-heading\" data-id=\"9c1e14f\" data-element_type=\"widget\" data-e-type=\"widget\" data-widget_type=\"heading.default\">\n\t\t\t\t<div class=\"elementor-widget-container\">\n\t\t\t\t\t<h2 class=\"elementor-heading-title elementor-size-default\">CALLS &amp; SUPPORT<\/h2>\t\t\t\t<\/div>\n\t\t\t\t<\/div>\n\t\t\t\t<div class=\"elementor-element elementor-element-4fa7df2 elementor-widget elementor-widget-text-editor\" data-id=\"4fa7df2\" data-element_type=\"widget\" data-e-type=\"widget\" data-widget_type=\"text-editor.default\">\n\t\t\t\t<div class=\"elementor-widget-container\">\n\t\t\t\t\t\t\t\t\t<p class=\"translation-block\"><span style=\"color: #ff9900\"><b>2023 | <span style=\"color: #33cccc\">Audience Choice <\/span><\/b><\/span><b>at the <em>Circus International Film Festival<\/em><\/b> \u2013 Brazil<\/p><p class=\"translation-block\"><span style=\"color: #ff9900\"><b>2021 | <span style=\"color: #33cccc\">Circus Development Program<\/span> <\/b><\/span><b>of the City of S\u00e3o Paulo<\/b> \u2013 Braz<\/p><p class=\"translation-block\"><span style=\"color: #ff9900\"><b>2020 | <span style=\"color: #33cccc\">Aldir Blanc Law<\/span> <\/b><\/span><strong>of the State of S\u00e3o Paulo<\/strong> \u2013 Brazil<\/p>\t\t\t\t\t\t\t\t<\/div>\n\t\t\t\t<\/div>\n\t\t\t\t<\/div>\n\t\t\t\t\t<\/div>\n\t\t\t\t<\/div>\n\t\t<div class=\"elementor-element elementor-element-245f46d e-flex e-con-boxed e-con e-parent\" data-id=\"245f46d\" data-element_type=\"container\" data-e-type=\"container\" data-settings=\"{&quot;background_background&quot;:&quot;classic&quot;}\">\n\t\t\t\t\t<div class=\"e-con-inner\">\n\t\t<div class=\"elementor-element elementor-element-9784587 e-con-full e-flex e-con e-child\" data-id=\"9784587\" data-element_type=\"container\" data-e-type=\"container\">\n\t\t\t\t<div class=\"elementor-element elementor-element-dc02726 elementor-arrows-position-inside elementor-widget elementor-widget-image-carousel\" data-id=\"dc02726\" data-element_type=\"widget\" data-e-type=\"widget\" data-settings=\"{&quot;slides_to_show&quot;:&quot;1&quot;,&quot;navigation&quot;:&quot;arrows&quot;,&quot;autoplay&quot;:&quot;yes&quot;,&quot;pause_on_hover&quot;:&quot;yes&quot;,&quot;pause_on_interaction&quot;:&quot;yes&quot;,&quot;autoplay_speed&quot;:5000,&quot;infinite&quot;:&quot;yes&quot;,&quot;effect&quot;:&quot;slide&quot;,&quot;speed&quot;:500}\" data-widget_type=\"image-carousel.default\">\n\t\t\t\t<div class=\"elementor-widget-container\">\n\t\t\t\t\t\t\t<div class=\"elementor-image-carousel-wrapper swiper\" role=\"region\" aria-roledescription=\"carousel\" aria-label=\"Carrossel de imagens\" dir=\"ltr\">\n\t\t\t<div class=\"elementor-image-carousel swiper-wrapper swiper-image-stretch\" aria-live=\"off\">\n\t\t\t\t\t\t\t\t<div class=\"swiper-slide\" role=\"group\" aria-roledescription=\"slide\" aria-label=\"1 of 10\"><figure class=\"swiper-slide-inner\"><img decoding=\"async\" class=\"swiper-slide-image\" src=\"https:\/\/circoenxame.com\/wp-content\/uploads\/2024\/07\/urubu06.png\" alt=\"urubu06\" \/><\/figure><\/div><div class=\"swiper-slide\" role=\"group\" aria-roledescription=\"slide\" aria-label=\"2 of 10\"><figure class=\"swiper-slide-inner\"><img decoding=\"async\" class=\"swiper-slide-image\" src=\"https:\/\/circoenxame.com\/wp-content\/uploads\/2024\/07\/urubu10.png\" alt=\"urubu10\" \/><\/figure><\/div><div class=\"swiper-slide\" role=\"group\" aria-roledescription=\"slide\" aria-label=\"3 of 10\"><figure class=\"swiper-slide-inner\"><img decoding=\"async\" class=\"swiper-slide-image\" src=\"https:\/\/circoenxame.com\/wp-content\/uploads\/2024\/07\/urubu09.png\" alt=\"urubu09\" \/><\/figure><\/div><div class=\"swiper-slide\" role=\"group\" aria-roledescription=\"slide\" aria-label=\"4 of 10\"><figure class=\"swiper-slide-inner\"><img decoding=\"async\" class=\"swiper-slide-image\" src=\"https:\/\/circoenxame.com\/wp-content\/uploads\/2024\/07\/urubu08.png\" alt=\"urubu08\" \/><\/figure><\/div><div class=\"swiper-slide\" role=\"group\" aria-roledescription=\"slide\" aria-label=\"5 of 10\"><figure class=\"swiper-slide-inner\"><img decoding=\"async\" class=\"swiper-slide-image\" src=\"https:\/\/circoenxame.com\/wp-content\/uploads\/2024\/07\/urubu05.png\" alt=\"urubu05\" \/><\/figure><\/div><div class=\"swiper-slide\" role=\"group\" aria-roledescription=\"slide\" aria-label=\"6 of 10\"><figure class=\"swiper-slide-inner\"><img decoding=\"async\" class=\"swiper-slide-image\" src=\"https:\/\/circoenxame.com\/wp-content\/uploads\/2024\/07\/urubu04.png\" alt=\"urubu04\" \/><\/figure><\/div><div class=\"swiper-slide\" role=\"group\" aria-roledescription=\"slide\" aria-label=\"7 of 10\"><figure class=\"swiper-slide-inner\"><img decoding=\"async\" class=\"swiper-slide-image\" src=\"https:\/\/circoenxame.com\/wp-content\/uploads\/2024\/07\/urubu03.png\" alt=\"urubu03\" \/><\/figure><\/div><div class=\"swiper-slide\" role=\"group\" aria-roledescription=\"slide\" aria-label=\"8 of 10\"><figure class=\"swiper-slide-inner\"><img decoding=\"async\" class=\"swiper-slide-image\" src=\"https:\/\/circoenxame.com\/wp-content\/uploads\/2024\/07\/urubu07.png\" alt=\"urubu07\" \/><\/figure><\/div><div class=\"swiper-slide\" role=\"group\" aria-roledescription=\"slide\" aria-label=\"9 of 10\"><figure class=\"swiper-slide-inner\"><img decoding=\"async\" class=\"swiper-slide-image\" src=\"https:\/\/circoenxame.com\/wp-content\/uploads\/2024\/07\/urubu01.png\" alt=\"urubu01\" \/><\/figure><\/div><div class=\"swiper-slide\" role=\"group\" aria-roledescription=\"slide\" aria-label=\"10 of 10\"><figure class=\"swiper-slide-inner\"><img decoding=\"async\" class=\"swiper-slide-image\" src=\"https:\/\/circoenxame.com\/wp-content\/uploads\/2024\/07\/urubu02.png\" alt=\"urubu02\" \/><\/figure><\/div>\t\t\t<\/div>\n\t\t\t\t\t\t\t\t\t\t\t\t<div class=\"elementor-swiper-button elementor-swiper-button-prev\" role=\"button\" tabindex=\"0\">\n\t\t\t\t\t\t<svg aria-hidden=\"true\" class=\"e-font-icon-svg e-eicon-chevron-left\" viewbox=\"0 0 1000 1000\" xmlns=\"http:\/\/www.w3.org\/2000\/svg\"><path d=\"M646 125C629 125 613 133 604 142L308 442C296 454 292 471 292 487 292 504 296 521 308 533L604 854C617 867 629 875 646 875 663 875 679 871 692 858 704 846 713 829 713 812 713 796 708 779 692 767L438 487 692 225C700 217 708 204 708 187 708 171 704 154 692 142 675 129 663 125 646 125Z\"><\/path><\/svg>\t\t\t\t\t<\/div>\n\t\t\t\t\t<div class=\"elementor-swiper-button elementor-swiper-button-next\" role=\"button\" tabindex=\"0\">\n\t\t\t\t\t\t<svg aria-hidden=\"true\" class=\"e-font-icon-svg e-eicon-chevron-right\" viewbox=\"0 0 1000 1000\" xmlns=\"http:\/\/www.w3.org\/2000\/svg\"><path d=\"M696 533C708 521 713 504 713 487 713 471 708 454 696 446L400 146C388 133 375 125 354 125 338 125 325 129 313 142 300 154 292 171 292 187 292 204 296 221 308 233L563 492 304 771C292 783 288 800 288 817 288 833 296 850 308 863 321 871 338 875 354 875 371 875 388 867 400 854L696 533Z\"><\/path><\/svg>\t\t\t\t\t<\/div>\n\t\t\t\t\n\t\t\t\t\t\t\t\t\t<\/div>\n\t\t\t\t\t\t<\/div>\n\t\t\t\t<\/div>\n\t\t\t\t<\/div>\n\t\t<div class=\"elementor-element elementor-element-1297474 e-con-full e-flex e-con e-child\" data-id=\"1297474\" data-element_type=\"container\" data-e-type=\"container\">\n\t\t\t\t<div class=\"elementor-element elementor-element-dc01bc4 elementor-widget elementor-widget-heading\" data-id=\"dc01bc4\" data-element_type=\"widget\" data-e-type=\"widget\" data-widget_type=\"heading.default\">\n\t\t\t\t<div class=\"elementor-widget-container\">\n\t\t\t\t\t<h2 class=\"elementor-heading-title elementor-size-default\">TECHNICAL SHEET<\/h2>\t\t\t\t<\/div>\n\t\t\t\t<\/div>\n\t\t\t\t<div class=\"elementor-element elementor-element-6fe35a8 elementor-widget elementor-widget-text-editor\" data-id=\"6fe35a8\" data-element_type=\"widget\" data-e-type=\"widget\" data-widget_type=\"text-editor.default\">\n\t\t\t\t<div class=\"elementor-widget-container\">\n\t\t\t\t\t\t\t\t\t<p class=\"translation-block\"><span style=\"color: #ff9900\"><strong>Original Idea<\/strong><\/span> Circo Enxame  \n<span style=\"color: #ff9900\"><strong>Script<\/strong><\/span> Circo Enxame and CircoLab  \n<span style=\"color: #ff9900\"><strong>Direction<\/strong><\/span> Tato Sanches and Circo Enxame  \n<span style=\"color: #ff9900\"><strong>Original Soundtrack<\/strong><\/span> Rubens de Oliveira  \n<span style=\"color: #ff9900\"><strong>Production<\/strong><\/span> Fernanda Vilela \u2013 <em>.equi|ibre.<\/em>  \n<span style=\"color: #ff9900\"><strong>Cast<\/strong><\/span> Giulia Tateishi, Jan Leca, Renato Mescoki, Rubens de Oliveira, Veronica Piccini  \n<span style=\"color: #ff9900\"><strong>Special Participation<\/strong><\/span> Ant\u00f4nia Tateishi de Oliveira and Dimas Destro de Oliveira  \n<span style=\"color: #ff9900\"><strong>Photography<\/strong><\/span> Tato Sanches  \n<span style=\"color: #ff9900\"><strong>Filming<\/strong><\/span> CircoLab  \n<span style=\"color: #ff9900\"><strong>Editing and Finalization<\/strong><\/span> Tato Sanches  \n<span style=\"color: #ff9900\"><strong>Assistant Director<\/strong><\/span> Jana\u00edna Amaral  \n<span style=\"color: #ff9900\"><strong>Sound Design<\/strong><\/span> Tato Sanches  \n<span style=\"color: #ff9900\"><strong>Costumes<\/strong><\/span> Circo Enxame  \n<span style=\"color: #ff9900\"><strong>Stage Props<\/strong><\/span> Beatriz Kovacsik  \n<span style=\"color: #ff9900\"><strong>Graphic Design<\/strong><\/span> Florencia Reeves  \n<span style=\"color: #ff9900\"><strong>Promotional Photos<\/strong><\/span> Jana\u00edna Amaral<\/p>\t\t\t\t\t\t\t\t<\/div>\n\t\t\t\t<\/div>\n\t\t\t\t<\/div>\n\t\t\t\t\t<\/div>\n\t\t\t\t<\/div>\n\t\t<div class=\"elementor-element elementor-element-692a075 e-flex e-con-boxed e-con e-parent\" data-id=\"692a075\" data-element_type=\"container\" data-e-type=\"container\">\n\t\t\t\t\t<div class=\"e-con-inner\">\n\t\t\t\t<div class=\"elementor-element elementor-element-adb91ed elementor-widget elementor-widget-spacer\" data-id=\"adb91ed\" data-element_type=\"widget\" data-e-type=\"widget\" data-widget_type=\"spacer.default\">\n\t\t\t\t<div class=\"elementor-widget-container\">\n\t\t\t\t\t\t\t<div class=\"elementor-spacer\">\n\t\t\t<div class=\"elementor-spacer-inner\"><\/div>\n\t\t<\/div>\n\t\t\t\t\t\t<\/div>\n\t\t\t\t<\/div>\n\t\t\t\t\t<\/div>\n\t\t\t\t<\/div>\n\t\t\t\t<\/div>","protected":false},"excerpt":{"rendered":"<p>V\u00cdDEOCIRCO 5 ARTISTAS 36 MINUTOS CLASSIFICA\u00c7\u00c3O LIVRE AUDIOVISUAL https:\/\/youtu.be\/X-VKAoYhr20?si=Ccelj_fYf6MxyD8L In\u00edcio da Cria\u00e7\u00e3o: 2020 Urubu est\u00e1 a espreita. A transforma\u00e7\u00e3o \u00e9 inevit\u00e1vel, a imperman\u00eancia \u00e9 uma regra dada. Circo e natureza em uma obra audiovisual sobre percep\u00e7\u00f5es do ciclo vida-morte-vida. Urubu EDITAIS E APOIOS 2023 | Pr\u00eamio da Audi\u00eancia no Circus International Film Festival\u00a0&#8211; Brasil 2021 [&hellip;]<\/p>\n","protected":false},"author":2,"featured_media":0,"parent":0,"menu_order":0,"comment_status":"closed","ping_status":"closed","template":"elementor_canvas","meta":{"footnotes":""},"class_list":["post-4203","page","type-page","status-publish","hentry"],"_links":{"self":[{"href":"https:\/\/circoenxame.com\/en\/wp-json\/wp\/v2\/pages\/4203","targetHints":{"allow":["GET"]}}],"collection":[{"href":"https:\/\/circoenxame.com\/en\/wp-json\/wp\/v2\/pages"}],"about":[{"href":"https:\/\/circoenxame.com\/en\/wp-json\/wp\/v2\/types\/page"}],"author":[{"embeddable":true,"href":"https:\/\/circoenxame.com\/en\/wp-json\/wp\/v2\/users\/2"}],"replies":[{"embeddable":true,"href":"https:\/\/circoenxame.com\/en\/wp-json\/wp\/v2\/comments?post=4203"}],"version-history":[{"count":40,"href":"https:\/\/circoenxame.com\/en\/wp-json\/wp\/v2\/pages\/4203\/revisions"}],"predecessor-version":[{"id":4595,"href":"https:\/\/circoenxame.com\/en\/wp-json\/wp\/v2\/pages\/4203\/revisions\/4595"}],"wp:attachment":[{"href":"https:\/\/circoenxame.com\/en\/wp-json\/wp\/v2\/media?parent=4203"}],"curies":[{"name":"wp","href":"https:\/\/api.w.org\/{rel}","templated":true}]}}