{"id":4204,"date":"2025-09-16T11:30:54","date_gmt":"2025-09-16T14:30:54","guid":{"rendered":"https:\/\/circoenxame.com\/?page_id=4204"},"modified":"2025-09-30T11:58:23","modified_gmt":"2025-09-30T14:58:23","slug":"enxame","status":"publish","type":"page","link":"https:\/\/circoenxame.com\/en\/enxame\/","title":{"rendered":"Enxame"},"content":{"rendered":"<div data-elementor-type=\"wp-page\" data-elementor-id=\"4204\" class=\"elementor elementor-4204\">\n\t\t\t\t<div class=\"elementor-element elementor-element-aa24fff e-flex e-con-boxed e-con e-parent\" data-id=\"aa24fff\" data-element_type=\"container\" data-e-type=\"container\" id=\"sobrevoltas\">\n\t\t\t\t\t<div class=\"e-con-inner\">\n\t\t\t\t<div class=\"elementor-element elementor-element-563bb92 elementor-widget elementor-widget-image\" data-id=\"563bb92\" data-element_type=\"widget\" data-e-type=\"widget\" data-widget_type=\"image.default\">\n\t\t\t\t<div class=\"elementor-widget-container\">\n\t\t\t\t\t\t\t\t\t\t\t\t\t\t\t<img decoding=\"async\" width=\"42\" height=\"70\" src=\"https:\/\/circoenxame.com\/wp-content\/uploads\/2024\/07\/detalhes06.png\" class=\"attachment-full size-full wp-image-3679\" alt=\"\" \/>\t\t\t\t\t\t\t\t\t\t\t\t\t\t\t<\/div>\n\t\t\t\t<\/div>\n\t\t\t\t\t<\/div>\n\t\t\t\t<\/div>\n\t\t<div class=\"elementor-element elementor-element-7e8fcd5 e-con-full e-flex e-con e-parent\" data-id=\"7e8fcd5\" data-element_type=\"container\" data-e-type=\"container\">\n\t\t<div class=\"elementor-element elementor-element-e07be31 e-con-full e-flex e-con e-child\" data-id=\"e07be31\" data-element_type=\"container\" data-e-type=\"container\">\n\t\t\t\t<div class=\"elementor-element elementor-element-f7278ed elementor-widget elementor-widget-image\" data-id=\"f7278ed\" data-element_type=\"widget\" data-e-type=\"widget\" data-widget_type=\"image.default\">\n\t\t\t\t<div class=\"elementor-widget-container\">\n\t\t\t\t\t\t\t\t\t\t\t\t\t\t\t<img decoding=\"async\" width=\"500\" height=\"50\" src=\"https:\/\/circoenxame.com\/wp-content\/uploads\/2024\/07\/logo-espetaculoenxame.png\" class=\"attachment-full size-full wp-image-3357\" alt=\"\" srcset=\"https:\/\/circoenxame.com\/wp-content\/uploads\/2024\/07\/logo-espetaculoenxame.png 500w, https:\/\/circoenxame.com\/wp-content\/uploads\/2024\/07\/logo-espetaculoenxame-300x30.png 300w\" sizes=\"(max-width: 500px) 100vw, 500px\" \/>\t\t\t\t\t\t\t\t\t\t\t\t\t\t\t<\/div>\n\t\t\t\t<\/div>\n\t\t\t\t<\/div>\n\t\t\t\t<\/div>\n\t\t<div class=\"elementor-element elementor-element-f25a985 e-flex e-con-boxed e-con e-parent\" data-id=\"f25a985\" data-element_type=\"container\" data-e-type=\"container\">\n\t\t\t\t\t<div class=\"e-con-inner\">\n\t\t\t\t<div class=\"elementor-element elementor-element-30bcd9d elementor-widget-divider--view-line_text elementor-widget-divider--separator-type-pattern elementor-widget-divider--element-align-center elementor-widget elementor-widget-divider\" data-id=\"30bcd9d\" data-element_type=\"widget\" data-e-type=\"widget\" data-widget_type=\"divider.default\">\n\t\t\t\t<div class=\"elementor-widget-container\">\n\t\t\t\t\t\t\t<div class=\"elementor-divider\" style=\"--divider-pattern-url: url(&quot;data:image\/svg+xml,%3Csvg xmlns=&#039;http:\/\/www.w3.org\/2000\/svg&#039; preserveAspectRatio=&#039;none&#039; overflow=&#039;visible&#039; height=&#039;100%&#039; viewBox=&#039;0 0 20 16&#039; fill=&#039;none&#039; stroke=&#039;black&#039; stroke-width=&#039;1&#039; stroke-linecap=&#039;square&#039; stroke-miterlimit=&#039;10&#039;%3E%3Cg transform=&#039;translate(-12.000000, 0)&#039;%3E%3Cpath d=&#039;M28,0L10,18&#039;\/%3E%3Cpath d=&#039;M18,0L0,18&#039;\/%3E%3Cpath d=&#039;M48,0L30,18&#039;\/%3E%3Cpath d=&#039;M38,0L20,18&#039;\/%3E%3C\/g%3E%3C\/svg%3E&quot;);\">\n\t\t\t<span class=\"elementor-divider-separator\">\n\t\t\t\t\t\t\t<span class=\"elementor-divider__text elementor-divider__element\">\n\t\t\t\tSHOW\t\t\t\t<\/span>\n\t\t\t\t\t\t<\/span>\n\t\t<\/div>\n\t\t\t\t\t\t<\/div>\n\t\t\t\t<\/div>\n\t\t\t\t\t<\/div>\n\t\t\t\t<\/div>\n\t\t<div class=\"elementor-element elementor-element-f89b6fd e-con-full e-flex e-con e-parent\" data-id=\"f89b6fd\" data-element_type=\"container\" data-e-type=\"container\">\n\t\t\t\t<div class=\"elementor-element elementor-element-94cb5b9 elementor-widget-mobile__width-initial elementor-widget elementor-widget-text-editor\" data-id=\"94cb5b9\" data-element_type=\"widget\" data-e-type=\"widget\" data-widget_type=\"text-editor.default\">\n\t\t\t\t<div class=\"elementor-widget-container\">\n\t\t\t\t\t\t\t\t\t<p><strong>4 ARTISTS<\/strong><\/p><p><strong>50 MINUTES<\/strong><\/p><p class=\"translation-block\"><strong>GENERAL AUDIENCE<\/strong><\/p><p><strong>VENUE \/ BIG TOP<\/strong><\/p>\t\t\t\t\t\t\t\t<\/div>\n\t\t\t\t<\/div>\n\t\t\t\t<\/div>\n\t\t<div class=\"elementor-element elementor-element-d89f0b9 e-flex e-con-boxed e-con e-parent\" data-id=\"d89f0b9\" data-element_type=\"container\" data-e-type=\"container\">\n\t\t\t\t\t<div class=\"e-con-inner\">\n\t\t\t\t<div class=\"elementor-element elementor-element-b3168f5 elementor-widget elementor-widget-spacer\" data-id=\"b3168f5\" data-element_type=\"widget\" data-e-type=\"widget\" data-widget_type=\"spacer.default\">\n\t\t\t\t<div class=\"elementor-widget-container\">\n\t\t\t\t\t\t\t<div class=\"elementor-spacer\">\n\t\t\t<div class=\"elementor-spacer-inner\"><\/div>\n\t\t<\/div>\n\t\t\t\t\t\t<\/div>\n\t\t\t\t<\/div>\n\t\t\t\t\t<\/div>\n\t\t\t\t<\/div>\n\t\t<div class=\"elementor-element elementor-element-d0c8704 e-con-full e-flex e-con e-parent\" data-id=\"d0c8704\" data-element_type=\"container\" data-e-type=\"container\" data-settings=\"{&quot;background_background&quot;:&quot;classic&quot;}\">\n\t\t<div class=\"elementor-element elementor-element-09a5ec6 e-con-full e-flex e-con e-child\" data-id=\"09a5ec6\" data-element_type=\"container\" data-e-type=\"container\">\n\t\t\t\t<div class=\"elementor-element elementor-element-15ef339 elementor-widget elementor-widget-video\" data-id=\"15ef339\" data-element_type=\"widget\" data-e-type=\"widget\" data-settings=\"{&quot;youtube_url&quot;:&quot;https:\\\/\\\/youtu.be\\\/fTCBUQna418?si=S1BQmLHnDrdMJ3pC&quot;,&quot;loop&quot;:&quot;yes&quot;,&quot;video_type&quot;:&quot;youtube&quot;}\" data-widget_type=\"video.default\">\n\t\t\t\t<div class=\"elementor-widget-container\">\n\t\t\t\t\t\t\t<div class=\"elementor-wrapper elementor-open-inline\">\n\t\t\t<div class=\"elementor-video\"><\/div>\t\t<\/div>\n\t\t\t\t\t\t<\/div>\n\t\t\t\t<\/div>\n\t\t\t\t<\/div>\n\t\t<div class=\"elementor-element elementor-element-ec45c20 e-con-full e-flex e-con e-child\" data-id=\"ec45c20\" data-element_type=\"container\" data-e-type=\"container\">\n\t\t\t\t<div class=\"elementor-element elementor-element-9138187 elementor-widget elementor-widget-text-editor\" data-id=\"9138187\" data-element_type=\"widget\" data-e-type=\"widget\" data-widget_type=\"text-editor.default\">\n\t\t\t\t<div class=\"elementor-widget-container\">\n\t\t\t\t\t\t\t\t\t<p style=\"text-align: left;\"><span style=\"color: #ff9900;\"><strong>Beginning of Creation:<\/strong><\/span> 2016<\/p><p style=\"text-align: left;\">Four individuals, waiting for something to happen, are drawn into subverting the order of things in a flow of events far from routine. Using the lifestyle of bees and the figure of the beekeeper as allegorical tools, this work seeks to touch\u2014through humor and creativity\u2014on themes that are deeply relevant to contemporary life, such as individuality versus collectivity and (un)sustainable development. In a playful and surreal manner, these themes are explored through acts and scenes that blend traditional circus techniques (such as Acrobatic Dandies, Aerial Rope, Juggling, Clowning, and Hand Balancing) with elements of theater, dance, and video projection.<\/p>\t\t\t\t\t\t\t\t<\/div>\n\t\t\t\t<\/div>\n\t\t\t\t<div class=\"elementor-element elementor-element-fb5f910 elementor-widget elementor-widget-heading\" data-id=\"fb5f910\" data-element_type=\"widget\" data-e-type=\"widget\" data-widget_type=\"heading.default\">\n\t\t\t\t<div class=\"elementor-widget-container\">\n\t\t\t\t\t<h2 class=\"elementor-heading-title elementor-size-default\">Enxame<\/h2>\t\t\t\t<\/div>\n\t\t\t\t<\/div>\n\t\t\t\t<\/div>\n\t\t\t\t<\/div>\n\t\t<div class=\"elementor-element elementor-element-2f5f8ac e-flex e-con-boxed e-con e-parent\" data-id=\"2f5f8ac\" data-element_type=\"container\" data-e-type=\"container\">\n\t\t\t\t\t<div class=\"e-con-inner\">\n\t\t<div class=\"elementor-element elementor-element-adc3fed e-con-full e-flex e-con e-child\" data-id=\"adc3fed\" data-element_type=\"container\" data-e-type=\"container\">\n\t\t\t\t<div class=\"elementor-element elementor-element-9ff4a63 elementor-widget elementor-widget-heading\" data-id=\"9ff4a63\" data-element_type=\"widget\" data-e-type=\"widget\" data-widget_type=\"heading.default\">\n\t\t\t\t<div class=\"elementor-widget-container\">\n\t\t\t\t\t<h2 class=\"elementor-heading-title elementor-size-default\">CALLS &amp; SUPPORT<\/h2>\t\t\t\t<\/div>\n\t\t\t\t<\/div>\n\t\t\t\t<div class=\"elementor-element elementor-element-1d7ca45 elementor-widget elementor-widget-text-editor\" data-id=\"1d7ca45\" data-element_type=\"widget\" data-e-type=\"widget\" data-widget_type=\"text-editor.default\">\n\t\t\t\t<div class=\"elementor-widget-container\">\n\t\t\t\t\t\t\t\t\t<p class=\"translation-block\"><span style=\"color: #ff9900\"><b>2023 | <\/b><\/span><span style=\"color: #33cccc\"><strong>Paulo Gustavo Law<\/strong><\/span> <strong>of the<\/strong> <strong>State of S\u00e3o Paulo<\/strong> \u2013 Brazil<\/p><p class=\"translation-block\"><span style=\"color: #ff9900\"><b>2018 | <\/b><\/span><strong><span style=\"color: #33cccc\">Artistic Creation Support Call<\/span> from the Municipal Department of Culture of S\u00e3o Paulo<\/strong> \u2013 Brazil<\/p><p class=\"translation-block\"><span style=\"color: #ff9900\"><b>2018 | <\/b><\/span><strong><span style=\"color: #33cccc\">ProAc Call<\/span> from the Government of the State of S\u00e3o Paulo<\/strong> \u2013 Brazil<\/p><p class=\"translation-block\"><span style=\"color: #ff9900\"><b>2016 | <\/b><\/span><strong><span style=\"color: #33cccc\">Xamego Circus Promotion Call<\/span> from the Municipal Department of Culture of S\u00e3o Paulo<\/strong> \u2013 Brazil<\/p>\t\t\t\t\t\t\t\t<\/div>\n\t\t\t\t<\/div>\n\t\t\t\t<\/div>\n\t\t\t\t\t<\/div>\n\t\t\t\t<\/div>\n\t\t<div class=\"elementor-element elementor-element-051329b e-flex e-con-boxed e-con e-parent\" data-id=\"051329b\" data-element_type=\"container\" data-e-type=\"container\" data-settings=\"{&quot;background_background&quot;:&quot;classic&quot;}\">\n\t\t\t\t\t<div class=\"e-con-inner\">\n\t\t<div class=\"elementor-element elementor-element-414d500 e-con-full e-flex e-con e-child\" data-id=\"414d500\" data-element_type=\"container\" data-e-type=\"container\">\n\t\t\t\t<div class=\"elementor-element elementor-element-daa09eb elementor-arrows-position-inside elementor-widget elementor-widget-image-carousel\" data-id=\"daa09eb\" data-element_type=\"widget\" data-e-type=\"widget\" data-settings=\"{&quot;slides_to_show&quot;:&quot;1&quot;,&quot;navigation&quot;:&quot;arrows&quot;,&quot;autoplay&quot;:&quot;yes&quot;,&quot;pause_on_hover&quot;:&quot;yes&quot;,&quot;pause_on_interaction&quot;:&quot;yes&quot;,&quot;autoplay_speed&quot;:5000,&quot;infinite&quot;:&quot;yes&quot;,&quot;effect&quot;:&quot;slide&quot;,&quot;speed&quot;:500}\" data-widget_type=\"image-carousel.default\">\n\t\t\t\t<div class=\"elementor-widget-container\">\n\t\t\t\t\t\t\t<div class=\"elementor-image-carousel-wrapper swiper\" role=\"region\" aria-roledescription=\"carousel\" aria-label=\"Carrossel de imagens\" dir=\"ltr\">\n\t\t\t<div class=\"elementor-image-carousel swiper-wrapper swiper-image-stretch\" aria-live=\"off\">\n\t\t\t\t\t\t\t\t<div class=\"swiper-slide\" role=\"group\" aria-roledescription=\"slide\" aria-label=\"1 de 8\"><figure class=\"swiper-slide-inner\"><img decoding=\"async\" class=\"swiper-slide-image\" src=\"https:\/\/circoenxame.com\/wp-content\/uploads\/2024\/07\/enxame03.png\" alt=\"enxame03\" \/><\/figure><\/div><div class=\"swiper-slide\" role=\"group\" aria-roledescription=\"slide\" aria-label=\"2 de 8\"><figure class=\"swiper-slide-inner\"><img decoding=\"async\" class=\"swiper-slide-image\" src=\"https:\/\/circoenxame.com\/wp-content\/uploads\/2024\/07\/enxame02.png\" alt=\"enxame02\" \/><\/figure><\/div><div class=\"swiper-slide\" role=\"group\" aria-roledescription=\"slide\" aria-label=\"3 de 8\"><figure class=\"swiper-slide-inner\"><img decoding=\"async\" class=\"swiper-slide-image\" src=\"https:\/\/circoenxame.com\/wp-content\/uploads\/2024\/07\/enxame08.png\" alt=\"enxame08\" \/><\/figure><\/div><div class=\"swiper-slide\" role=\"group\" aria-roledescription=\"slide\" aria-label=\"4 de 8\"><figure class=\"swiper-slide-inner\"><img decoding=\"async\" class=\"swiper-slide-image\" src=\"https:\/\/circoenxame.com\/wp-content\/uploads\/2024\/07\/enxame01.png\" alt=\"enxame01\" \/><\/figure><\/div><div class=\"swiper-slide\" role=\"group\" aria-roledescription=\"slide\" aria-label=\"5 de 8\"><figure class=\"swiper-slide-inner\"><img decoding=\"async\" class=\"swiper-slide-image\" src=\"https:\/\/circoenxame.com\/wp-content\/uploads\/2024\/07\/enxame05.png\" alt=\"enxame05\" \/><\/figure><\/div><div class=\"swiper-slide\" role=\"group\" aria-roledescription=\"slide\" aria-label=\"6 de 8\"><figure class=\"swiper-slide-inner\"><img decoding=\"async\" class=\"swiper-slide-image\" src=\"https:\/\/circoenxame.com\/wp-content\/uploads\/2024\/07\/enxame09.png\" alt=\"enxame09\" \/><\/figure><\/div><div class=\"swiper-slide\" role=\"group\" aria-roledescription=\"slide\" aria-label=\"7 de 8\"><figure class=\"swiper-slide-inner\"><img decoding=\"async\" class=\"swiper-slide-image\" src=\"https:\/\/circoenxame.com\/wp-content\/uploads\/2024\/07\/enxame04.png\" alt=\"enxame04\" \/><\/figure><\/div><div class=\"swiper-slide\" role=\"group\" aria-roledescription=\"slide\" aria-label=\"8 de 8\"><figure class=\"swiper-slide-inner\"><img decoding=\"async\" class=\"swiper-slide-image\" src=\"https:\/\/circoenxame.com\/wp-content\/uploads\/2024\/07\/enxame06.png\" alt=\"enxame06\" \/><\/figure><\/div>\t\t\t<\/div>\n\t\t\t\t\t\t\t\t\t\t\t\t<div class=\"elementor-swiper-button elementor-swiper-button-prev\" role=\"button\" tabindex=\"0\">\n\t\t\t\t\t\t<svg aria-hidden=\"true\" class=\"e-font-icon-svg e-eicon-chevron-left\" viewbox=\"0 0 1000 1000\" xmlns=\"http:\/\/www.w3.org\/2000\/svg\"><path d=\"M646 125C629 125 613 133 604 142L308 442C296 454 292 471 292 487 292 504 296 521 308 533L604 854C617 867 629 875 646 875 663 875 679 871 692 858 704 846 713 829 713 812 713 796 708 779 692 767L438 487 692 225C700 217 708 204 708 187 708 171 704 154 692 142 675 129 663 125 646 125Z\"><\/path><\/svg>\t\t\t\t\t<\/div>\n\t\t\t\t\t<div class=\"elementor-swiper-button elementor-swiper-button-next\" role=\"button\" tabindex=\"0\">\n\t\t\t\t\t\t<svg aria-hidden=\"true\" class=\"e-font-icon-svg e-eicon-chevron-right\" viewbox=\"0 0 1000 1000\" xmlns=\"http:\/\/www.w3.org\/2000\/svg\"><path d=\"M696 533C708 521 713 504 713 487 713 471 708 454 696 446L400 146C388 133 375 125 354 125 338 125 325 129 313 142 300 154 292 171 292 187 292 204 296 221 308 233L563 492 304 771C292 783 288 800 288 817 288 833 296 850 308 863 321 871 338 875 354 875 371 875 388 867 400 854L696 533Z\"><\/path><\/svg>\t\t\t\t\t<\/div>\n\t\t\t\t\n\t\t\t\t\t\t\t\t\t<\/div>\n\t\t\t\t\t\t<\/div>\n\t\t\t\t<\/div>\n\t\t\t\t<\/div>\n\t\t<div class=\"elementor-element elementor-element-cf39a84 e-con-full e-flex e-con e-child\" data-id=\"cf39a84\" data-element_type=\"container\" data-e-type=\"container\">\n\t\t\t\t<div class=\"elementor-element elementor-element-126b8a6 elementor-widget elementor-widget-heading\" data-id=\"126b8a6\" data-element_type=\"widget\" data-e-type=\"widget\" data-widget_type=\"heading.default\">\n\t\t\t\t<div class=\"elementor-widget-container\">\n\t\t\t\t\t<h2 class=\"elementor-heading-title elementor-size-default\">TECHNICAL SHEET<\/h2>\t\t\t\t<\/div>\n\t\t\t\t<\/div>\n\t\t\t\t<div class=\"elementor-element elementor-element-21610a6 elementor-widget elementor-widget-text-editor\" data-id=\"21610a6\" data-element_type=\"widget\" data-e-type=\"widget\" data-widget_type=\"text-editor.default\">\n\t\t\t\t<div class=\"elementor-widget-container\">\n\t\t\t\t\t\t\t\t\t<p class=\"translation-block\"><span style=\"color: #ff9900\"><b>Creation and Conception (1st Version)<\/b><\/span> Giulia Tateishi, Jan Leca, Renato Mescoki, and Veronica Piccini  \n<span style=\"color: #ff9900\"><b>Creation and Conception (2nd Version)<\/b><\/span> Giulia Tateishi, Pedro Vinicius, Veronica Piccini, and Vin\u00edcios Debs  \n<span style=\"color: #ff9900\"><b>Scenic Vision<\/b><\/span> Diogo Granato  \n<span style=\"color: #ff9900\"><b>Cast<\/b><\/span> Giulia Tateishi, Pedro Vinicius, Veronica Piccini, and Vin\u00edcios Debs  \n<span style=\"color: #ff9900\"><b>Soundtrack and Musical Direction<\/b><\/span> Rubens de Oliveira  \n<span style=\"color: #ff9900\"><b>Lighting Design<\/b><\/span> Marcelo Esteves  \n<span style=\"color: #ff9900\"><b>Videos<\/b><\/span> Diogo Granato  \n<span style=\"color: #ff9900\"><b>Video Editing<\/b><\/span> Jacques Kaufmann  \n<span style=\"color: #ff9900\"><b>Costumes<\/b><\/span> Claudia Schapira and Circo Enxame  \n<span style=\"color: #ff9900\"><b>Props<\/b><\/span> Beatriz Kovacsik and Veronica Piccini  \n<span style=\"color: #ff9900\"><strong>Graphic Design<\/strong><\/span> Florencia Reeves and Vin\u00edcios Debs \u2013 <em>Parabolia<\/em>  \n<span style=\"color: #ff9900\"><b>Production<\/b><\/span> Fernanda Vilela \u2013 <em>.equi|ibre.<\/em><\/p>\t\t\t\t\t\t\t\t<\/div>\n\t\t\t\t<\/div>\n\t\t\t\t<\/div>\n\t\t\t\t\t<\/div>\n\t\t\t\t<\/div>\n\t\t<div class=\"elementor-element elementor-element-59e59d5 e-flex e-con-boxed e-con e-parent\" data-id=\"59e59d5\" data-element_type=\"container\" data-e-type=\"container\">\n\t\t\t\t\t<div class=\"e-con-inner\">\n\t\t\t\t<div class=\"elementor-element elementor-element-9c8a2ea elementor-widget elementor-widget-spacer\" data-id=\"9c8a2ea\" data-element_type=\"widget\" data-e-type=\"widget\" data-widget_type=\"spacer.default\">\n\t\t\t\t<div class=\"elementor-widget-container\">\n\t\t\t\t\t\t\t<div class=\"elementor-spacer\">\n\t\t\t<div class=\"elementor-spacer-inner\"><\/div>\n\t\t<\/div>\n\t\t\t\t\t\t<\/div>\n\t\t\t\t<\/div>\n\t\t\t\t\t<\/div>\n\t\t\t\t<\/div>\n\t\t\t\t<\/div>","protected":false},"excerpt":{"rendered":"<p>ESPET\u00c1CULO 4 ARTISTAS 50 MINUTOS CLASSIFICA\u00c7\u00c3O LIVRE SALA \/ LONA https:\/\/youtu.be\/fTCBUQna418?si=S1BQmLHnDrdMJ3pC In\u00edcio da Cria\u00e7\u00e3o: 2016 Quatro indiv\u00edduos a espera de que algo aconte\u00e7a s\u00e3o levados a subverterem a ordem das coisas, em um fluxo de acontecimentos nada rotineiros. Utilizando alegoricamente o modo de vida das abelhas e a figura do apicultor, este trabalho busca tocar, [&hellip;]<\/p>\n","protected":false},"author":2,"featured_media":0,"parent":0,"menu_order":0,"comment_status":"closed","ping_status":"closed","template":"elementor_canvas","meta":{"footnotes":""},"class_list":["post-4204","page","type-page","status-publish","hentry"],"_links":{"self":[{"href":"https:\/\/circoenxame.com\/en\/wp-json\/wp\/v2\/pages\/4204","targetHints":{"allow":["GET"]}}],"collection":[{"href":"https:\/\/circoenxame.com\/en\/wp-json\/wp\/v2\/pages"}],"about":[{"href":"https:\/\/circoenxame.com\/en\/wp-json\/wp\/v2\/types\/page"}],"author":[{"embeddable":true,"href":"https:\/\/circoenxame.com\/en\/wp-json\/wp\/v2\/users\/2"}],"replies":[{"embeddable":true,"href":"https:\/\/circoenxame.com\/en\/wp-json\/wp\/v2\/comments?post=4204"}],"version-history":[{"count":58,"href":"https:\/\/circoenxame.com\/en\/wp-json\/wp\/v2\/pages\/4204\/revisions"}],"predecessor-version":[{"id":4562,"href":"https:\/\/circoenxame.com\/en\/wp-json\/wp\/v2\/pages\/4204\/revisions\/4562"}],"wp:attachment":[{"href":"https:\/\/circoenxame.com\/en\/wp-json\/wp\/v2\/media?parent=4204"}],"curies":[{"name":"wp","href":"https:\/\/api.w.org\/{rel}","templated":true}]}}