{"id":790,"date":"2024-01-30T12:29:57","date_gmt":"2024-01-30T15:29:57","guid":{"rendered":"https:\/\/parabolia.net\/?page_id=790"},"modified":"2025-11-13T05:44:51","modified_gmt":"2025-11-13T08:44:51","slug":"home-2","status":"publish","type":"page","link":"https:\/\/circoenxame.com\/en\/","title":{"rendered":"Home"},"content":{"rendered":"<div data-elementor-type=\"wp-page\" data-elementor-id=\"790\" class=\"elementor elementor-790\">\n\t\t\t\t<div class=\"elementor-element elementor-element-ff5e7ea e-flex e-con-boxed e-con e-parent\" data-id=\"ff5e7ea\" data-element_type=\"container\" data-e-type=\"container\" id=\"sobre\">\n\t\t\t\t\t<div class=\"e-con-inner\">\n\t\t\t\t<div class=\"elementor-element elementor-element-7e871b1 elementor-widget elementor-widget-image\" data-id=\"7e871b1\" data-element_type=\"widget\" data-e-type=\"widget\" data-widget_type=\"image.default\">\n\t\t\t\t<div class=\"elementor-widget-container\">\n\t\t\t\t\t\t\t\t\t\t\t\t\t\t\t<img decoding=\"async\" width=\"42\" height=\"70\" src=\"https:\/\/circoenxame.com\/wp-content\/uploads\/2024\/07\/detalhes06.png\" class=\"attachment-full size-full wp-image-3679\" alt=\"\" \/>\t\t\t\t\t\t\t\t\t\t\t\t\t\t\t<\/div>\n\t\t\t\t<\/div>\n\t\t\t\t\t<\/div>\n\t\t\t\t<\/div>\n\t\t<div class=\"elementor-element elementor-element-23223a5 e-flex e-con-boxed e-con e-parent\" data-id=\"23223a5\" data-element_type=\"container\" data-e-type=\"container\" data-settings=\"{&quot;background_background&quot;:&quot;classic&quot;}\">\n\t\t\t\t\t<div class=\"e-con-inner\">\n\t\t<div class=\"elementor-element elementor-element-03a8140 e-con-full e-flex e-con e-child\" data-id=\"03a8140\" data-element_type=\"container\" data-e-type=\"container\">\n\t\t\t\t<div class=\"elementor-element elementor-element-9a55468 elementor-widget__width-initial elementor-widget elementor-widget-heading\" data-id=\"9a55468\" data-element_type=\"widget\" data-e-type=\"widget\" data-widget_type=\"heading.default\">\n\t\t\t\t<div class=\"elementor-widget-container\">\n\t\t\t\t\t<h2 class=\"elementor-heading-title elementor-size-default\">- Enxame emerged in 2014, created by Brazilian artists -<\/h2>\t\t\t\t<\/div>\n\t\t\t\t<\/div>\n\t\t\t\t<\/div>\n\t\t<div class=\"elementor-element elementor-element-1844648 e-con-full e-flex e-con e-child\" data-id=\"1844648\" data-element_type=\"container\" data-e-type=\"container\">\n\t\t\t\t<div class=\"elementor-element elementor-element-af4dd2e elementor-widget__width-initial elementor-widget elementor-widget-heading\" data-id=\"af4dd2e\" data-element_type=\"widget\" data-e-type=\"widget\" data-widget_type=\"heading.default\">\n\t\t\t\t<div class=\"elementor-widget-container\">\n\t\t\t\t\t<h2 class=\"elementor-heading-title elementor-size-default\">A contemporary and multidisciplinary circus collective, whose creations also move through music, dance, theatre, and visual arts.<\/h2>\t\t\t\t<\/div>\n\t\t\t\t<\/div>\n\t\t\t\t<\/div>\n\t\t<div class=\"elementor-element elementor-element-67577d8 e-con-full e-flex e-con e-child\" data-id=\"67577d8\" data-element_type=\"container\" data-e-type=\"container\">\n\t\t\t\t<div class=\"elementor-element elementor-element-0af370b elementor-widget__width-initial elementor-widget elementor-widget-heading\" data-id=\"0af370b\" data-element_type=\"widget\" data-e-type=\"widget\" data-widget_type=\"heading.default\">\n\t\t\t\t<div class=\"elementor-widget-container\">\n\t\t\t\t\t<h2 class=\"elementor-heading-title elementor-size-default\">Circo Enxame is an instrument<\/h2>\t\t\t\t<\/div>\n\t\t\t\t<\/div>\n\t\t\t\t<\/div>\n\t\t<div class=\"elementor-element elementor-element-1cb0207 e-con-full e-flex e-con e-child\" data-id=\"1cb0207\" data-element_type=\"container\" data-e-type=\"container\">\n\t\t\t\t<div class=\"elementor-element elementor-element-eaadcd1 elementor-widget elementor-widget-spacer\" data-id=\"eaadcd1\" data-element_type=\"widget\" data-e-type=\"widget\" data-widget_type=\"spacer.default\">\n\t\t\t\t<div class=\"elementor-widget-container\">\n\t\t\t\t\t\t\t<div class=\"elementor-spacer\">\n\t\t\t<div class=\"elementor-spacer-inner\"><\/div>\n\t\t<\/div>\n\t\t\t\t\t\t<\/div>\n\t\t\t\t<\/div>\n\t\t\t\t<\/div>\n\t\t<div class=\"elementor-element elementor-element-221340d e-con-full e-flex e-con e-child\" data-id=\"221340d\" data-element_type=\"container\" data-e-type=\"container\">\n\t\t\t\t<div class=\"elementor-element elementor-element-7b673b9 elementor-widget__width-initial elementor-widget elementor-widget-heading\" data-id=\"7b673b9\" data-element_type=\"widget\" data-e-type=\"widget\" data-widget_type=\"heading.default\">\n\t\t\t\t<div class=\"elementor-widget-container\">\n\t\t\t\t\t<h2 class=\"elementor-heading-title elementor-size-default\">A tool for a collective of artists to explore environmental and social issues. A pulsation that embraces the need to create and live circus in their own way, sharing questions, contradictions, and epiphanies.<\/h2>\t\t\t\t<\/div>\n\t\t\t\t<\/div>\n\t\t\t\t<\/div>\n\t\t<div class=\"elementor-element elementor-element-f818b7e e-con-full e-flex e-con e-child\" data-id=\"f818b7e\" data-element_type=\"container\" data-e-type=\"container\">\n\t\t\t\t<div class=\"elementor-element elementor-element-44f0761 elementor-widget elementor-widget-image\" data-id=\"44f0761\" data-element_type=\"widget\" data-e-type=\"widget\" data-widget_type=\"image.default\">\n\t\t\t\t<div class=\"elementor-widget-container\">\n\t\t\t\t\t\t\t\t\t\t\t\t\t\t\t<img fetchpriority=\"high\" decoding=\"async\" width=\"300\" height=\"270\" src=\"https:\/\/circoenxame.com\/wp-content\/uploads\/2024\/07\/sobre02.png\" class=\"attachment-medium size-medium wp-image-3908\" alt=\"\" \/>\t\t\t\t\t\t\t\t\t\t\t\t\t\t\t<\/div>\n\t\t\t\t<\/div>\n\t\t\t\t<\/div>\n\t\t<div class=\"elementor-element elementor-element-5c2dc72 e-con-full e-flex e-con e-child\" data-id=\"5c2dc72\" data-element_type=\"container\" data-e-type=\"container\">\n\t\t\t\t<div class=\"elementor-element elementor-element-f5ead86 elementor-widget elementor-widget-spacer\" data-id=\"f5ead86\" data-element_type=\"widget\" data-e-type=\"widget\" data-widget_type=\"spacer.default\">\n\t\t\t\t<div class=\"elementor-widget-container\">\n\t\t\t\t\t\t\t<div class=\"elementor-spacer\">\n\t\t\t<div class=\"elementor-spacer-inner\"><\/div>\n\t\t<\/div>\n\t\t\t\t\t\t<\/div>\n\t\t\t\t<\/div>\n\t\t\t\t<\/div>\n\t\t\t\t\t<\/div>\n\t\t\t\t<\/div>\n\t\t<div class=\"elementor-element elementor-element-aa24fff e-flex e-con-boxed e-con e-parent\" data-id=\"aa24fff\" data-element_type=\"container\" data-e-type=\"container\" id=\"sobrevoltas\">\n\t\t\t\t\t<div class=\"e-con-inner\">\n\t\t\t\t<div class=\"elementor-element elementor-element-14caa2d elementor-widget-divider--separator-type-pattern elementor-widget-divider--view-line elementor-widget elementor-widget-divider\" data-id=\"14caa2d\" data-element_type=\"widget\" data-e-type=\"widget\" id=\"agenda\" data-widget_type=\"divider.default\">\n\t\t\t\t<div class=\"elementor-widget-container\">\n\t\t\t\t\t\t\t<div class=\"elementor-divider\" style=\"--divider-pattern-url: url(&quot;data:image\/svg+xml,%3Csvg xmlns=&#039;http:\/\/www.w3.org\/2000\/svg&#039; preserveAspectRatio=&#039;none&#039; overflow=&#039;visible&#039; height=&#039;100%&#039; viewBox=&#039;0 0 20 16&#039; fill=&#039;none&#039; stroke=&#039;black&#039; stroke-width=&#039;1&#039; stroke-linecap=&#039;square&#039; stroke-miterlimit=&#039;10&#039;%3E%3Cg transform=&#039;translate(-12.000000, 0)&#039;%3E%3Cpath d=&#039;M28,0L10,18&#039;\/%3E%3Cpath d=&#039;M18,0L0,18&#039;\/%3E%3Cpath d=&#039;M48,0L30,18&#039;\/%3E%3Cpath d=&#039;M38,0L20,18&#039;\/%3E%3C\/g%3E%3C\/svg%3E&quot;);\">\n\t\t\t<span class=\"elementor-divider-separator\">\n\t\t\t\t\t\t<\/span>\n\t\t<\/div>\n\t\t\t\t\t\t<\/div>\n\t\t\t\t<\/div>\n\t\t\t\t\t<\/div>\n\t\t\t\t<\/div>\n\t\t<div class=\"elementor-element elementor-element-a880ec1 e-con-full e-flex e-con e-parent\" data-id=\"a880ec1\" data-element_type=\"container\" data-e-type=\"container\">\n\t\t<div class=\"elementor-element elementor-element-7058e0f e-con-full e-flex e-con e-child\" data-id=\"7058e0f\" data-element_type=\"container\" data-e-type=\"container\">\n\t\t\t\t<div class=\"elementor-element elementor-element-e510618 elementor-widget-divider--view-line_text elementor-widget-divider--element-align-center elementor-widget elementor-widget-divider\" data-id=\"e510618\" data-element_type=\"widget\" data-e-type=\"widget\" data-widget_type=\"divider.default\">\n\t\t\t\t<div class=\"elementor-widget-container\">\n\t\t\t\t\t\t\t<div class=\"elementor-divider\">\n\t\t\t<span class=\"elementor-divider-separator\">\n\t\t\t\t\t\t\t<span class=\"elementor-divider__text elementor-divider__element\">\n\t\t\t\tTOUR DATES\t\t\t\t<\/span>\n\t\t\t\t\t\t<\/span>\n\t\t<\/div>\n\t\t\t\t\t\t<\/div>\n\t\t\t\t<\/div>\n\t\t\t\t<\/div>\n\t\t\t\t<\/div>\n\t\t<div class=\"elementor-element elementor-element-2724c7d e-flex e-con-boxed e-con e-parent\" data-id=\"2724c7d\" data-element_type=\"container\" data-e-type=\"container\" data-settings=\"{&quot;background_background&quot;:&quot;classic&quot;}\">\n\t\t\t\t\t<div class=\"e-con-inner\">\n\t\t\t\t<div class=\"elementor-element elementor-element-180a993 elementor-widget__width-initial elementor-widget elementor-widget-accordion\" data-id=\"180a993\" data-element_type=\"widget\" data-e-type=\"widget\" data-widget_type=\"accordion.default\">\n\t\t\t\t<div class=\"elementor-widget-container\">\n\t\t\t\t\t\t\t<div class=\"elementor-accordion\">\n\t\t\t\t\t\t\t<div class=\"elementor-accordion-item\">\n\t\t\t\t\t<div id=\"elementor-tab-title-2521\" class=\"elementor-tab-title\" data-tab=\"1\" role=\"button\" aria-controls=\"elementor-tab-content-2521\" aria-expanded=\"false\">\n\t\t\t\t\t\t\t\t\t\t\t\t\t<span class=\"elementor-accordion-icon elementor-accordion-icon-left\" aria-hidden=\"true\">\n\t\t\t\t\t\t\t\t\t\t\t\t\t\t\t<span class=\"elementor-accordion-icon-closed\"><svg class=\"e-font-icon-svg e-fas-plus\" viewbox=\"0 0 448 512\" xmlns=\"http:\/\/www.w3.org\/2000\/svg\"><path d=\"M416 208H272V64c0-17.67-14.33-32-32-32h-32c-17.67 0-32 14.33-32 32v144H32c-17.67 0-32 14.33-32 32v32c0 17.67 14.33 32 32 32h144v144c0 17.67 14.33 32 32 32h32c17.67 0 32-14.33 32-32V304h144c17.67 0 32-14.33 32-32v-32c0-17.67-14.33-32-32-32z\"><\/path><\/svg><\/span>\n\t\t\t\t\t\t\t\t<span class=\"elementor-accordion-icon-opened\"><svg class=\"e-font-icon-svg e-fas-minus\" viewbox=\"0 0 448 512\" xmlns=\"http:\/\/www.w3.org\/2000\/svg\"><path d=\"M416 208H32c-17.67 0-32 14.33-32 32v32c0 17.67 14.33 32 32 32h384c17.67 0 32-14.33 32-32v-32c0-17.67-14.33-32-32-32z\"><\/path><\/svg><\/span>\n\t\t\t\t\t\t\t\t\t\t\t\t\t\t<\/span>\n\t\t\t\t\t\t\t\t\t\t\t\t<a class=\"elementor-accordion-title\" tabindex=\"0\">2025<\/a>\n\t\t\t\t\t<\/div>\n\t\t\t\t\t<div id=\"elementor-tab-content-2521\" class=\"elementor-tab-content elementor-clearfix\" data-tab=\"1\" role=\"region\" aria-labelledby=\"elementor-tab-title-2521\"><p><span style=\"color: #ff9900;\"><strong>07 NOV | \u00c1rea Sem Fio<\/strong><\/span> &#8211; Circo all&#8217;inCirca &#8211; <span style=\"color: #00ccff;\"><strong>Udine<\/strong><\/span> &#8211; It\u00e1lia<\/p><p class=\"translation-block\"><span style=\"color: #ff9900\"><strong>11 OCT | No Rastro da Cobra<\/strong><\/span> \u2013 CH4 Sporting Club \u2013 <span style=\"color: #00ccff\"><strong>Turin<\/strong><\/span> \u2013 It\u00e1lia<\/p><p class=\"translation-block\"><span style=\"color: #ff9900\"><strong>22 MAR | \u00c1rea Sem Fio<\/strong><\/span> \u2013 Progetto Slip \u2013 <span style=\"color: #00ccff\"><strong>Turin<\/strong><\/span> \u2013 Italy<\/p><p class=\"translation-block\"><span style=\"color: #ff9900\"><strong>06 JUN | \u00c1rea Sem Fio<\/strong><\/span> \u2013 <span class=\"x1lliihq x1plvlek xryxfnj x1n2onr6 xyejjpt x15dsfln x193iq5w xeuugli x1fj9vlw x13faqbe x1vvkbs x1s928wv xhkezso x1gmr53x x1cpjm7i x1fgarty x1943h6x x1i0vuye xvs91rp x1s688f x5n08af x10wh9bi xpm28yp x8viiok x1o7cslx\" dir=\"auto\">UP Circus &amp; Performing Arts<\/span> \u2013 <span style=\"color: #00ccff\"><strong>Brussels<\/strong><\/span> \u2013 Belgium<\/p><\/div>\n\t\t\t\t<\/div>\n\t\t\t\t\t\t\t<div class=\"elementor-accordion-item\">\n\t\t\t\t\t<div id=\"elementor-tab-title-2522\" class=\"elementor-tab-title\" data-tab=\"2\" role=\"button\" aria-controls=\"elementor-tab-content-2522\" aria-expanded=\"false\">\n\t\t\t\t\t\t\t\t\t\t\t\t\t<span class=\"elementor-accordion-icon elementor-accordion-icon-left\" aria-hidden=\"true\">\n\t\t\t\t\t\t\t\t\t\t\t\t\t\t\t<span class=\"elementor-accordion-icon-closed\"><svg class=\"e-font-icon-svg e-fas-plus\" viewbox=\"0 0 448 512\" xmlns=\"http:\/\/www.w3.org\/2000\/svg\"><path d=\"M416 208H272V64c0-17.67-14.33-32-32-32h-32c-17.67 0-32 14.33-32 32v144H32c-17.67 0-32 14.33-32 32v32c0 17.67 14.33 32 32 32h144v144c0 17.67 14.33 32 32 32h32c17.67 0 32-14.33 32-32V304h144c17.67 0 32-14.33 32-32v-32c0-17.67-14.33-32-32-32z\"><\/path><\/svg><\/span>\n\t\t\t\t\t\t\t\t<span class=\"elementor-accordion-icon-opened\"><svg class=\"e-font-icon-svg e-fas-minus\" viewbox=\"0 0 448 512\" xmlns=\"http:\/\/www.w3.org\/2000\/svg\"><path d=\"M416 208H32c-17.67 0-32 14.33-32 32v32c0 17.67 14.33 32 32 32h384c17.67 0 32-14.33 32-32v-32c0-17.67-14.33-32-32-32z\"><\/path><\/svg><\/span>\n\t\t\t\t\t\t\t\t\t\t\t\t\t\t<\/span>\n\t\t\t\t\t\t\t\t\t\t\t\t<a class=\"elementor-accordion-title\" tabindex=\"0\">2024<\/a>\n\t\t\t\t\t<\/div>\n\t\t\t\t\t<div id=\"elementor-tab-content-2522\" class=\"elementor-tab-content elementor-clearfix\" data-tab=\"2\" role=\"region\" aria-labelledby=\"elementor-tab-title-2522\"><p class=\"translation-block\"><span style=\"color: #ff9900\"><strong>30 JUN | Enxame<\/strong><\/span> \u2013 Theatro Vasques \u2013 <span style=\"color: #00ccff\"><strong>Mogi das Cruzes<\/strong><\/span> \u2013 SP\/Brazil<\/p><p class=\"translation-block\"><span style=\"color: #ff9900\"><strong>17 JUL | Enxame<\/strong><\/span> \u2013 Teatro Municipal \u2013 <span style=\"color: #00ccff\"><strong>Botucatu<\/strong><\/span> \u2013 SP\/Brazil<\/p><p class=\"translation-block\"><span style=\"color: #ff9900\"><strong>21 JUL | Enxame<\/strong><\/span> \u2013 Centro Cultural Prefeito Jesus Chedid\u00a0 \u2013 <span style=\"color: #00ccff\"><strong>Bragan\u00e7a Paulista<\/strong><\/span> \u2013 SP\/Brazil<\/p><p class=\"translation-block\"><span style=\"color: #ff9900\"><strong>07 AUG | Enxame<\/strong><\/span> \u2013 Teatro Alfredo Mesquita \u2013 <span style=\"color: #00ccff\"><strong>S\u00e3o Paulo<\/strong><\/span> \u2013 SP\/Brazil<\/p><p class=\"translation-block\"><span style=\"color: #ff9900\"><strong>09 AUG | Enxame<\/strong><\/span> \u2013 Teatro Municipal Roberto Palmari \u2013 <span style=\"color: #00ccff\"><strong>Rio Claro<\/strong><\/span> \u2013 SP\/Brazil<\/p><p class=\"translation-block\"><span style=\"color: #ff9900\"><strong>12 AUG | Enxame<\/strong><\/span> \u2013 Teatro Municipal Luiz Gonzaga \u2013 <span style=\"color: #00ccff\"><strong>Jandira<\/strong><\/span> \u2013 SP\/Brazil<\/p><p class=\"translation-block\"><span style=\"color: #ff9900\"><strong>14 AUG | Enxame<\/strong><\/span> \u2013 Teatro Waldir Silveira Mello \u2013 <span style=\"color: #00ccff\"><strong>Mar\u00edlia<\/strong><\/span> \u2013 SP\/Brazil<\/p><p class=\"translation-block\"><span style=\"color: #ff9900\"><strong>19 AUG | Enxame<\/strong><\/span> \u2013 Teatro Professora Zita de Marchi \u2013 <span style=\"color: #00ccff\"><strong>Barra Bonita<\/strong><\/span> \u2013 SP\/Brazil<\/p><p class=\"translation-block\"><span style=\"color: #ff9900\"><strong>23 AUG | Enxame<\/strong><\/span> \u2013 Teatro Fl\u00e1vio Imp\u00e9rio \u2013 <span style=\"color: #00ccff\"><strong>S\u00e3o Paulo<\/strong><\/span> \u2013 SP\/Brazil<\/p><\/div>\n\t\t\t\t<\/div>\n\t\t\t\t\t\t\t\t<\/div>\n\t\t\t\t\t\t<\/div>\n\t\t\t\t<\/div>\n\t\t\t\t\t<\/div>\n\t\t\t\t<\/div>\n\t\t<div class=\"elementor-element elementor-element-95d0dc9 e-flex e-con-boxed e-con e-parent\" data-id=\"95d0dc9\" data-element_type=\"container\" data-e-type=\"container\" id=\"contato\">\n\t\t\t\t\t<div class=\"e-con-inner\">\n\t\t\t\t<div class=\"elementor-element elementor-element-5376fb1 elementor-widget-divider--separator-type-pattern elementor-widget-divider--view-line elementor-widget elementor-widget-divider\" data-id=\"5376fb1\" data-element_type=\"widget\" data-e-type=\"widget\" data-widget_type=\"divider.default\">\n\t\t\t\t<div class=\"elementor-widget-container\">\n\t\t\t\t\t\t\t<div class=\"elementor-divider\" style=\"--divider-pattern-url: url(&quot;data:image\/svg+xml,%3Csvg xmlns=&#039;http:\/\/www.w3.org\/2000\/svg&#039; preserveAspectRatio=&#039;none&#039; overflow=&#039;visible&#039; height=&#039;100%&#039; viewBox=&#039;0 0 20 16&#039; fill=&#039;none&#039; stroke=&#039;black&#039; stroke-width=&#039;1&#039; stroke-linecap=&#039;square&#039; stroke-miterlimit=&#039;10&#039;%3E%3Cg transform=&#039;translate(-12.000000, 0)&#039;%3E%3Cpath d=&#039;M28,0L10,18&#039;\/%3E%3Cpath d=&#039;M18,0L0,18&#039;\/%3E%3Cpath d=&#039;M48,0L30,18&#039;\/%3E%3Cpath d=&#039;M38,0L20,18&#039;\/%3E%3C\/g%3E%3C\/svg%3E&quot;);\">\n\t\t\t<span class=\"elementor-divider-separator\">\n\t\t\t\t\t\t<\/span>\n\t\t<\/div>\n\t\t\t\t\t\t<\/div>\n\t\t\t\t<\/div>\n\t\t\t\t\t<\/div>\n\t\t\t\t<\/div>\n\t\t<div class=\"elementor-element elementor-element-75691ab e-con-full e-flex e-con e-parent\" data-id=\"75691ab\" data-element_type=\"container\" data-e-type=\"container\">\n\t\t<div class=\"elementor-element elementor-element-006335b e-con-full e-flex e-con e-child\" data-id=\"006335b\" data-element_type=\"container\" data-e-type=\"container\">\n\t\t\t\t<div class=\"elementor-element elementor-element-6ea8a44 elementor-widget-divider--view-line_text elementor-widget-divider--element-align-center elementor-widget elementor-widget-divider\" data-id=\"6ea8a44\" data-element_type=\"widget\" data-e-type=\"widget\" data-widget_type=\"divider.default\">\n\t\t\t\t<div class=\"elementor-widget-container\">\n\t\t\t\t\t\t\t<div class=\"elementor-divider\">\n\t\t\t<span class=\"elementor-divider-separator\">\n\t\t\t\t\t\t\t<span class=\"elementor-divider__text elementor-divider__element\">\n\t\t\t\tCONTACT\t\t\t\t<\/span>\n\t\t\t\t\t\t<\/span>\n\t\t<\/div>\n\t\t\t\t\t\t<\/div>\n\t\t\t\t<\/div>\n\t\t\t\t<\/div>\n\t\t\t\t<\/div>\n\t\t<div class=\"elementor-element elementor-element-57d6afa e-flex e-con-boxed e-con e-parent\" data-id=\"57d6afa\" data-element_type=\"container\" data-e-type=\"container\" id=\"contato\" data-settings=\"{&quot;background_background&quot;:&quot;classic&quot;}\">\n\t\t\t\t\t<div class=\"e-con-inner\">\n\t\t<div class=\"elementor-element elementor-element-81801f9 e-con-full e-flex e-con e-child\" data-id=\"81801f9\" data-element_type=\"container\" data-e-type=\"container\">\n\t\t\t\t<div class=\"elementor-element elementor-element-7238672 elementor-widget__width-inherit elementor-widget-mobile__width-inherit elementor-widget elementor-widget-text-editor\" data-id=\"7238672\" data-element_type=\"widget\" data-e-type=\"widget\" data-widget_type=\"text-editor.default\">\n\t\t\t\t<div class=\"elementor-widget-container\">\n\t\t\t\t\t\t\t\t\t<p class=\"translation-block\"><span style=\"color: #ff9900\"><strong>Fernanda Vilela | <\/strong><\/span><em>Production in Brazil<\/em><\/p><p>+55 11 99822 6195 | fernanda.equilibre@gmail.com<\/p><p>&#8211;<\/p><p class=\"translation-block\"><strong><span style=\"color: #ff9900\">Veronica Piccini |\u00a0<\/span><\/strong><em>Production in Europe<\/em><\/p><p>+39 351 419 2997 | veronica.circo@gmail.com<\/p>\t\t\t\t\t\t\t\t<\/div>\n\t\t\t\t<\/div>\n\t\t\t\t<\/div>\n\t\t\t\t\t<\/div>\n\t\t\t\t<\/div>\n\t\t\t\t<\/div>","protected":false},"excerpt":{"rendered":"<p>&#8211; Enxame nasce em 2014, feito por artistas brasileiros &#8211; Um coletivo de circo contempor\u00e2neo e multidisciplinar, transitando em suas cria\u00e7\u00f5es tamb\u00e9m pela m\u00fasica, dan\u00e7a, teatro e artes visuais. Circo Enxame \u00e9 um instrumento Uma ferramenta para um coletivo de artistas tratarem de quest\u00f5es ambientais e sociais. um pulsar que contempla a necessidade de criar [&hellip;]<\/p>\n","protected":false},"author":2,"featured_media":0,"parent":0,"menu_order":0,"comment_status":"closed","ping_status":"closed","template":"elementor_canvas","meta":{"footnotes":""},"class_list":["post-790","page","type-page","status-publish","hentry"],"_links":{"self":[{"href":"https:\/\/circoenxame.com\/en\/wp-json\/wp\/v2\/pages\/790","targetHints":{"allow":["GET"]}}],"collection":[{"href":"https:\/\/circoenxame.com\/en\/wp-json\/wp\/v2\/pages"}],"about":[{"href":"https:\/\/circoenxame.com\/en\/wp-json\/wp\/v2\/types\/page"}],"author":[{"embeddable":true,"href":"https:\/\/circoenxame.com\/en\/wp-json\/wp\/v2\/users\/2"}],"replies":[{"embeddable":true,"href":"https:\/\/circoenxame.com\/en\/wp-json\/wp\/v2\/comments?post=790"}],"version-history":[{"count":771,"href":"https:\/\/circoenxame.com\/en\/wp-json\/wp\/v2\/pages\/790\/revisions"}],"predecessor-version":[{"id":4614,"href":"https:\/\/circoenxame.com\/en\/wp-json\/wp\/v2\/pages\/790\/revisions\/4614"}],"wp:attachment":[{"href":"https:\/\/circoenxame.com\/en\/wp-json\/wp\/v2\/media?parent=790"}],"curies":[{"name":"wp","href":"https:\/\/api.w.org\/{rel}","templated":true}]}}